{"id":4518,"date":"2023-08-21T10:12:09","date_gmt":"2023-08-21T10:12:09","guid":{"rendered":"https:\/\/german.techno-g.com\/kugelsegmentventil\/bereich-der-groesse\/"},"modified":"2025-04-24T10:56:58","modified_gmt":"2025-04-24T10:56:58","slug":"bereich-der-groesse","status":"publish","type":"page","link":"https:\/\/www.techno-g.com\/de\/kugelsegmenthahn\/bereich-der-groesse\/","title":{"rendered":"Bereich der Gr\u00f6\u00dfe"},"content":{"rendered":"\t\t<div data-elementor-type=\"wp-page\" data-elementor-id=\"4518\" class=\"elementor elementor-4518 elementor-3758\" data-elementor-post-type=\"page\">\n\t\t\t\t\t\t<section class=\"porto-full-no-gap elementor-section elementor-top-section elementor-element elementor-element-694ae6d z-index-2 py-5 elementor-section-full_width elementor-section-stretched elementor-section-height-default elementor-section-height-default\" data-id=\"694ae6d\" data-element_type=\"section\" data-e-type=\"section\" data-settings=\"{&quot;background_background&quot;:&quot;classic&quot;,&quot;stretch_section&quot;:&quot;section-stretched&quot;}\">\r\n\t\t\r\n\t\t\t\t\t\t\t<div class=\"elementor-container elementor-column-gap-no\">\r\n\t\t\t\t\t\t\t\t\t\t\t<div class=\"elementor-column elementor-col-100 elementor-top-column elementor-element elementor-element-5727d14 position-static pt-3\" data-id=\"5727d14\" data-element_type=\"column\" data-e-type=\"column\">\r\n\t\t\t\t\t<div class=\"elementor-widget-wrap elementor-element-populated\">\r\n\t\t\t\t\t\t\t\t<div class=\"elementor-element elementor-element-dd9497c mb-1 elementor-invisible elementor-widget elementor-widget-heading\" data-id=\"dd9497c\" data-element_type=\"widget\" data-e-type=\"widget\" data-settings=\"{&quot;_animation&quot;:&quot;fadeInUp&quot;,&quot;_animation_delay&quot;:200}\" data-widget_type=\"heading.default\">\n\t\t\t\t<div class=\"elementor-widget-container\">\n\t\t\t\t\t<h2 class=\"elementor-heading-title elementor-size-default\">Gr\u00f6\u00dfenbereich des Techno-G-Ventils<\/h2>\t\t\t\t<\/div>\n\t\t\t\t<\/div>\n\t\t\t\t<div class=\"elementor-element elementor-element-4b65ab8 mb-5 pb-3 custom-font1 w-lg-66 mx-auto elementor-invisible elementor-widget elementor-widget-heading\" data-id=\"4b65ab8\" data-element_type=\"widget\" data-e-type=\"widget\" data-settings=\"{&quot;_animation&quot;:&quot;fadeInUp&quot;,&quot;_animation_delay&quot;:600}\" data-widget_type=\"heading.default\">\n\t\t\t\t<div class=\"elementor-widget-container\">\n\t\t\t\t\t<p class=\"elementor-heading-title elementor-size-default\">Das Techno-G Kugelsegmentventil ist in einer Vielzahl von Gr\u00f6\u00dfen erh\u00e4ltlich, um unterschiedlichen Anforderungen gerecht zu werden. Die kleinste verf\u00fcgbare Gr\u00f6\u00dfe ist DN100 und reicht bis zu DN500. W\u00e4hrend die am h\u00e4ufigsten genannten Gr\u00f6\u00dfen der DN-Tabelle folgen, bieten wir die Ventile auch in ANSI-Gr\u00f6\u00dfen an, die von 4\" bis 20\" reichen. Wenn Sie nach bestimmten Durchmessern suchen, die nicht aufgef\u00fchrt sind, wenden Sie sich bitte an uns, da diese auf Anfrage erh\u00e4ltlich sein k\u00f6nnten. Eine detaillierte \u00dcbersicht \u00fcber alle Gr\u00f6\u00dfen finden Sie in der Tabelle auf dieser Website.<\/p>\t\t\t\t<\/div>\n\t\t\t\t<\/div>\n\t\t\t\t\t<\/div>\r\n\t\t\t\t<\/div>\r\n\t\t\t\t\t<\/div>\r\n\t\t\t\t<\/section>\r\n\t\t\t\t<section class=\"elementor-section elementor-top-section elementor-element elementor-element-a728692 elementor-section-stretched elementor-section-boxed elementor-section-height-default elementor-section-height-default\" data-id=\"a728692\" data-element_type=\"section\" data-e-type=\"section\" data-settings=\"{&quot;stretch_section&quot;:&quot;section-stretched&quot;,&quot;background_background&quot;:&quot;classic&quot;}\">\r\n\t\t\r\n\t\t\t\t\t\t\t<div class=\"elementor-container elementor-column-gap-default\">\r\n\t\t\t\t\t\t\t\t\t\t\t<div class=\"elementor-column elementor-col-33 elementor-top-column elementor-element elementor-element-1648a74\" data-id=\"1648a74\" data-element_type=\"column\" data-e-type=\"column\">\r\n\t\t\t\t\t<div class=\"elementor-widget-wrap\">\r\n\t\t\t\t\t\t\t\t\t<\/div>\r\n\t\t\t\t<\/div>\r\n\t\t\t\t<div class=\"elementor-column elementor-col-33 elementor-top-column elementor-element elementor-element-94c1388\" data-id=\"94c1388\" data-element_type=\"column\" data-e-type=\"column\">\r\n\t\t\t\t\t<div class=\"elementor-widget-wrap elementor-element-populated\">\r\n\t\t\t\t\t\t\t\t<div class=\"elementor-element elementor-element-3eb7d41 elementor-invisible elementor-widget elementor-widget-image\" data-id=\"3eb7d41\" data-element_type=\"widget\" data-e-type=\"widget\" data-settings=\"{&quot;_animation&quot;:&quot;fadeInRight&quot;}\" data-widget_type=\"image.default\">\n\t\t\t\t<div class=\"elementor-widget-container\">\n\t\t\t\t\t\t\t\t\t\t\t\t\t\t\t<img fetchpriority=\"high\" decoding=\"async\" width=\"935\" height=\"855\" src=\"https:\/\/www.techno-g.com\/wp-content\/uploads\/2023\/08\/Range-of-Size-TechnoG-valve.png\" class=\"attachment-full size-full wp-image-3821\" alt=\"Ein gro\u00dfes Kugelsegmentventil aus Edelstahl mit einem verschraubten Flansch und einem beschrifteten Typenschild mit der Aufschrift TECHNO. Das Ventil hat eine gl\u00e4nzende, reflektierende Oberfl\u00e4che und mehrere Schraubenl\u00f6cher rund um die Flansche.\" srcset=\"https:\/\/www.techno-g.com\/wp-content\/uploads\/2023\/08\/Range-of-Size-TechnoG-valve.png 935w, https:\/\/www.techno-g.com\/wp-content\/uploads\/2023\/08\/Range-of-Size-TechnoG-valve-768x702.png 768w, https:\/\/www.techno-g.com\/wp-content\/uploads\/2023\/08\/Range-of-Size-TechnoG-valve-640x585.png 640w, https:\/\/www.techno-g.com\/wp-content\/uploads\/2023\/08\/Range-of-Size-TechnoG-valve-400x366.png 400w, https:\/\/www.techno-g.com\/wp-content\/uploads\/2023\/08\/Range-of-Size-TechnoG-valve-367x336.png 367w\" sizes=\"(max-width: 935px) 100vw, 935px\" \/>\t\t\t\t\t\t\t\t\t\t\t\t\t\t\t<\/div>\n\t\t\t\t<\/div>\n\t\t\t\t\t<\/div>\r\n\t\t\t\t<\/div>\r\n\t\t\t\t<div class=\"elementor-column elementor-col-33 elementor-top-column elementor-element elementor-element-7339172\" data-id=\"7339172\" data-element_type=\"column\" data-e-type=\"column\">\r\n\t\t\t\t\t<div class=\"elementor-widget-wrap\">\r\n\t\t\t\t\t\t\t\t\t<\/div>\r\n\t\t\t\t<\/div>\r\n\t\t\t\t\t<\/div>\r\n\t\t\t\t<\/section>\r\n\t\t\t\t<section class=\"elementor-section elementor-top-section elementor-element elementor-element-dd2e16c elementor-section-stretched elementor-section-boxed elementor-section-height-default elementor-section-height-default\" data-id=\"dd2e16c\" data-element_type=\"section\" data-e-type=\"section\" data-settings=\"{&quot;stretch_section&quot;:&quot;section-stretched&quot;,&quot;background_background&quot;:&quot;classic&quot;}\">\r\n\t\t\r\n\t\t\t\t\t\t\t<div class=\"elementor-container elementor-column-gap-default\">\r\n\t\t\t\t\t\t\t\t\t\t\t<div class=\"elementor-column elementor-col-100 elementor-top-column elementor-element elementor-element-e8aebf8\" data-id=\"e8aebf8\" data-element_type=\"column\" data-e-type=\"column\">\r\n\t\t\t\t\t<div class=\"elementor-widget-wrap elementor-element-populated\">\r\n\t\t\t\t\t\t\t\t<div class=\"elementor-element elementor-element-40b0f54 elementor-widget elementor-widget-image\" data-id=\"40b0f54\" data-element_type=\"widget\" data-e-type=\"widget\" data-widget_type=\"image.default\">\n\t\t\t\t<div class=\"elementor-widget-container\">\n\t\t\t\t\t\t\t\t\t\t\t\t\t\t\t<img decoding=\"async\" width=\"999\" height=\"501\" src=\"https:\/\/www.techno-g.com\/wp-content\/uploads\/2023\/08\/20230823-Techno-G-range-for-website.png\" class=\"attachment-full size-full wp-image-4059\" alt=\"Eine technische Tabelle, in der die Spezifikationen f\u00fcr 10 Ventiltypen, einschlie\u00dflich Kugelsegmentventile, verglichen werden, mit Angaben zu Ventilgr\u00f6\u00dfe, Flansch, Lager- und Dichtungswerkstoffen, Auslegungsdruck und -temperatur, Auslegungsflanschen, Geh\u00e4use und Oberfl\u00e4chenbehandlungen.\" srcset=\"https:\/\/www.techno-g.com\/wp-content\/uploads\/2023\/08\/20230823-Techno-G-range-for-website.png 999w, https:\/\/www.techno-g.com\/wp-content\/uploads\/2023\/08\/20230823-Techno-G-range-for-website-768x385.png 768w, https:\/\/www.techno-g.com\/wp-content\/uploads\/2023\/08\/20230823-Techno-G-range-for-website-640x321.png 640w, https:\/\/www.techno-g.com\/wp-content\/uploads\/2023\/08\/20230823-Techno-G-range-for-website-400x201.png 400w, https:\/\/www.techno-g.com\/wp-content\/uploads\/2023\/08\/20230823-Techno-G-range-for-website-367x184.png 367w\" sizes=\"(max-width: 999px) 100vw, 999px\" \/>\t\t\t\t\t\t\t\t\t\t\t\t\t\t\t<\/div>\n\t\t\t\t<\/div>\n\t\t\t\t<div class=\"elementor-element elementor-element-6150eca elementor-widget elementor-widget-spacer\" data-id=\"6150eca\" data-element_type=\"widget\" data-e-type=\"widget\" data-widget_type=\"spacer.default\">\n\t\t\t\t<div class=\"elementor-widget-container\">\n\t\t\t\t\t\t\t<div class=\"elementor-spacer\">\n\t\t\t<div class=\"elementor-spacer-inner\"><\/div>\n\t\t<\/div>\n\t\t\t\t\t\t<\/div>\n\t\t\t\t<\/div>\n\t\t\t\t\t<\/div>\r\n\t\t\t\t<\/div>\r\n\t\t\t\t\t<\/div>\r\n\t\t\t\t<\/section>\r\n\t\t\t\t<section class=\"elementor-section elementor-top-section elementor-element elementor-element-7784ce9 elementor-section-content-middle elementor-hidden-mobile elementor-section-stretched elementor-section-boxed elementor-section-height-default elementor-section-height-default\" data-id=\"7784ce9\" data-element_type=\"section\" data-e-type=\"section\" data-settings=\"{&quot;background_background&quot;:&quot;classic&quot;,&quot;stretch_section&quot;:&quot;section-stretched&quot;}\">\r\n\t\t\r\n\t\t\t\t\t\t\t<div class=\"elementor-container elementor-column-gap-default\">\r\n\t\t\t\t\t\t\t\t\t\t\t<div class=\"elementor-column elementor-col-50 elementor-top-column elementor-element elementor-element-06d0e4e\" data-id=\"06d0e4e\" data-element_type=\"column\" data-e-type=\"column\">\r\n\t\t\t\t\t<div class=\"elementor-widget-wrap elementor-element-populated\">\r\n\t\t\t\t\t\t\t\t<div class=\"elementor-element elementor-element-640d8c2 elementor-widget elementor-widget-heading\" data-id=\"640d8c2\" data-element_type=\"widget\" data-e-type=\"widget\" data-widget_type=\"heading.default\">\n\t\t\t\t<div class=\"elementor-widget-container\">\n\t\t\t\t\t<h2 class=\"elementor-heading-title elementor-size-default\">Wenn Sie ein \"ma\u00dfgeschneidertes\" Techno-G Kugelsegmentventil erhalten m\u00f6chten, nutzen Sie bitte die Schaltfl\u00e4che \"Angebot anfordern\".<\/h2>\t\t\t\t<\/div>\n\t\t\t\t<\/div>\n\t\t\t\t\t<\/div>\r\n\t\t\t\t<\/div>\r\n\t\t\t\t<div class=\"elementor-column elementor-col-50 elementor-top-column elementor-element elementor-element-96c903e\" data-id=\"96c903e\" data-element_type=\"column\" data-e-type=\"column\">\r\n\t\t\t\t\t<div class=\"elementor-widget-wrap elementor-element-populated\">\r\n\t\t\t\t\t\t\t\t<div class=\"elementor-element elementor-element-76e6f30 btn-borders-triangle text-lg-end elementor-widget__width-initial elementor-invisible elementor-widget elementor-widget-porto_button\" data-id=\"76e6f30\" data-element_type=\"widget\" data-e-type=\"widget\" data-settings=\"{&quot;_animation&quot;:&quot;shake&quot;,&quot;_animation_delay&quot;:1000}\" data-widget_type=\"porto_button.default\">\n\t\t\t\t<div class=\"elementor-widget-container\">\n\t\t\t\t\t<a class=\"btn btn-md btn-light btn-borders\" href=\"https:\/\/www.techno-g.com\/quotation-request\/\"><span >Angebot einholen<\/span><\/a>\t\t\t\t<\/div>\n\t\t\t\t<\/div>\n\t\t\t\t\t<\/div>\r\n\t\t\t\t<\/div>\r\n\t\t\t\t\t<\/div>\r\n\t\t\t\t<\/section>\r\n\t\t\t\t<section class=\"elementor-section elementor-top-section elementor-element elementor-element-27535fd elementor-section-boxed elementor-section-height-default elementor-section-height-default\" data-id=\"27535fd\" data-element_type=\"section\" data-e-type=\"section\">\r\n\t\t\r\n\t\t\t\t\t\t\t<div class=\"elementor-container elementor-column-gap-default\">\r\n\t\t\t\t\t\t\t\t\t\t\t<div class=\"elementor-column elementor-col-100 elementor-top-column elementor-element elementor-element-08207e2\" data-id=\"08207e2\" data-element_type=\"column\" data-e-type=\"column\">\r\n\t\t\t\t\t<div class=\"elementor-widget-wrap elementor-element-populated\">\r\n\t\t\t\t\t\t\t\t<div class=\"elementor-element elementor-element-8519995 elementor-widget elementor-widget-shortcode\" data-id=\"8519995\" data-element_type=\"widget\" data-e-type=\"widget\" data-widget_type=\"shortcode.default\">\n\t\t\t\t<div class=\"elementor-widget-container\">\n\t\t\t\t\t\t\t<div class=\"elementor-shortcode\">\t\t<div data-elementor-type=\"section\" data-elementor-id=\"4540\" class=\"elementor elementor-4540 elementor-4252 elementor-4252\" data-elementor-post-type=\"elementor_library\">\n\t\t\t\t\t<section class=\"elementor-section elementor-top-section elementor-element elementor-element-e22e5db elementor-section-content-middle py-5 my-4 elementor-section-boxed elementor-section-height-default elementor-section-height-default\" data-id=\"e22e5db\" data-element_type=\"section\" data-e-type=\"section\">\r\n\t\t\r\n\t\t\t\t\t\t\t<div class=\"elementor-container elementor-column-gap-default\">\r\n\t\t\t\t\t\t\t\t\t\t\t<div class=\"elementor-column elementor-col-50 elementor-top-column elementor-element elementor-element-458f41d pe-lg-4\" data-id=\"458f41d\" data-element_type=\"column\" data-e-type=\"column\">\r\n\t\t\t\t\t<div class=\"elementor-widget-wrap elementor-element-populated\">\r\n\t\t\t\t\t\t\t\t<div class=\"elementor-element elementor-element-42e1695 elementor-widget elementor-widget-text-editor\" data-id=\"42e1695\" data-element_type=\"widget\" data-e-type=\"widget\" data-widget_type=\"text-editor.default\">\n\t\t\t\t<div class=\"elementor-widget-container\">\n\t\t\t\t\t\t\t\t\t<div style=\"position:relative; width:1px; min-width:100%;padding-bottom:56.25%;\"><iframe allow=\"autoplay\" class=\"spotlightr\" allowtransparency=\"true\" style=\"width:1px; min-width:100%; height: 100%; position:absolute\" allowfullscreen=\"true\" src=\"https:\/\/symblings.cdn.spotlightr.com\/watch\/MTQ4NjQzMw==?fallback=true\" frameborder=\"0\" scrolling=\"no\" name=\"videoPlayer\"> <\/iframe><\/div>\n\t\t\t\t\t\t\t\t<\/div>\n\t\t\t\t<\/div>\n\t\t\t\t\t<\/div>\r\n\t\t\t\t<\/div>\r\n\t\t\t\t<div class=\"elementor-column elementor-col-50 elementor-top-column elementor-element elementor-element-4f5b51c elementor-invisible\" data-id=\"4f5b51c\" data-element_type=\"column\" data-e-type=\"column\" data-settings=\"{&quot;animation&quot;:&quot;fadeInUp&quot;}\">\r\n\t\t\t\t\t<div class=\"elementor-widget-wrap elementor-element-populated\">\r\n\t\t\t\t\t\t\t\t<div class=\"elementor-element elementor-element-8f1d9e5 py-2 mb-0 elementor-invisible elementor-widget elementor-widget-heading\" data-id=\"8f1d9e5\" data-element_type=\"widget\" data-e-type=\"widget\" data-settings=\"{&quot;_animation_delay&quot;:200,&quot;_animation&quot;:&quot;fadeInUp&quot;}\" data-widget_type=\"heading.default\">\n\t\t\t\t<div class=\"elementor-widget-container\">\n\t\t\t\t\t<h3 class=\"elementor-heading-title elementor-size-default\">PROZESSANWENDUNGEN<\/h3>\t\t\t\t<\/div>\n\t\t\t\t<\/div>\n\t\t\t\t<div class=\"elementor-element elementor-element-381d63f mb-3 elementor-invisible elementor-widget elementor-widget-heading\" data-id=\"381d63f\" data-element_type=\"widget\" data-e-type=\"widget\" data-settings=\"{&quot;_animation_delay&quot;:400,&quot;_animation&quot;:&quot;fadeInUp&quot;}\" data-widget_type=\"heading.default\">\n\t\t\t\t<div class=\"elementor-widget-container\">\n\t\t\t\t\t<h2 class=\"elementor-heading-title elementor-size-default\">Ma\u00dfgeschneidert bis zur Perfektion<\/h2>\t\t\t\t<\/div>\n\t\t\t\t<\/div>\n\t\t\t\t<div class=\"elementor-element elementor-element-3a78931 mb-4 custom-font1 elementor-invisible elementor-widget elementor-widget-heading\" data-id=\"3a78931\" data-element_type=\"widget\" data-e-type=\"widget\" data-settings=\"{&quot;_animation_delay&quot;:600,&quot;_animation&quot;:&quot;fadeInUp&quot;}\" data-widget_type=\"heading.default\">\n\t\t\t\t<div class=\"elementor-widget-container\">\n\t\t\t\t\t<p class=\"elementor-heading-title elementor-size-default\">Die Produkte von Techno-G sind vielseitig und werden f\u00fcr eine Vielzahl von Anwendungen wie z. B. Vakuumtrockner eingesetzt,\nSchaufeltrockner, Vakuumschleusen, Mischer, Zentrifugen, konische Trockner, Mischbeh\u00e4lter und\nReaktoren. Sie bieten nicht nur optimale Funktionalit\u00e4t, sondern auch zuverl\u00e4ssige und sichere\nBetrieb.<\/p>\t\t\t\t<\/div>\n\t\t\t\t<\/div>\n\t\t\t\t<div class=\"elementor-element elementor-element-b214ef6 elementor-invisible elementor-widget elementor-widget-text-editor\" data-id=\"b214ef6\" data-element_type=\"widget\" data-e-type=\"widget\" data-settings=\"{&quot;_animation&quot;:&quot;fadeInUp&quot;,&quot;_animation_delay&quot;:800}\" data-widget_type=\"text-editor.default\">\n\t\t\t\t<div class=\"elementor-widget-container\">\n\t\t\t\t\t\t\t\t\t<p>Die Produkte von Techno-G sind vielseitig einsetzbar und eignen sich f\u00fcr eine Vielzahl von Anwendungen wie Vakuumtrockner, Schaufeltrockner, Vakuumschleusen, Mischer, Zentrifugen, konische Trockner, Mischbeh\u00e4lter und Reaktoren. Sie bieten nicht nur optimale Funktionalit\u00e4t, sondern auch einen zuverl\u00e4ssigen und sicheren Betrieb.<\/p>\n<p>Die Ventile von Techno-G werden in einem breiten Spektrum von Sektoren eingesetzt, von der Pharmazie, Chemie und Feinchemie bis hin zu API, Lebensmitteln, Kosmetika, Mineralien und Metallen, um nur einige zu nennen. Ob es um die Sicherstellung einer gleichm\u00e4\u00dfigen Durchflussregelung in der pharmazeutischen Produktion, die exakte Modulation bei der Herstellung von Feinchemikalien oder das Sterilit\u00e4tsmanagement in der Lebensmittelverarbeitung geht, unsere Kugelsegmentventile bieten stets eine un\u00fcbertroffene Effizienz, die auf die besonderen Anforderungen Ihrer Branche zugeschnitten ist.<\/p>\n\t\t\t\t\t\t\t\t<\/div>\n\t\t\t\t<\/div>\n\t\t\t\t\t<\/div>\r\n\t\t\t\t<\/div>\r\n\t\t\t\t\t<\/div>\r\n\t\t\t\t<\/section>\r\n\t\t\t\t<\/div>\n\t\t<\/div>\n\t\t\t\t\t\t<\/div>\n\t\t\t\t<\/div>\n\t\t\t\t\t<\/div>\r\n\t\t\t\t<\/div>\r\n\t\t\t\t\t<\/div>\r\n\t\t\t\t<\/section>\r\n\t\t\t\t<\/div>\n\t\t","protected":false},"excerpt":{"rendered":"<p>Gr\u00f6\u00dfenbereich des Techno-G-Ventils Das Techno-G Kugelsegmentventil ist in einer Vielzahl von Gr\u00f6\u00dfen erh\u00e4ltlich, um unterschiedlichen Anforderungen gerecht zu werden. Die kleinste verf\u00fcgbare Gr\u00f6\u00dfe ist DN100 und reicht bis zu DN500. W\u00e4hrend die am h\u00e4ufigsten genannten Gr\u00f6\u00dfen der DN-Tabelle folgen, bieten wir die Ventile auch in ANSI-Gr\u00f6\u00dfen an, die von 4&#8243; bis 20&#8243; reichen. Wenn Sie [&hellip;]<\/p>\n","protected":false},"author":1,"featured_media":0,"parent":4435,"menu_order":0,"comment_status":"closed","ping_status":"closed","template":"","meta":{"_acf_changed":false,"footnotes":""},"class_list":["post-4518","page","type-page","status-publish","hentry"],"acf":[],"_links":{"self":[{"href":"https:\/\/www.techno-g.com\/de\/wp-json\/wp\/v2\/pages\/4518","targetHints":{"allow":["GET"]}}],"collection":[{"href":"https:\/\/www.techno-g.com\/de\/wp-json\/wp\/v2\/pages"}],"about":[{"href":"https:\/\/www.techno-g.com\/de\/wp-json\/wp\/v2\/types\/page"}],"author":[{"embeddable":true,"href":"https:\/\/www.techno-g.com\/de\/wp-json\/wp\/v2\/users\/1"}],"replies":[{"embeddable":true,"href":"https:\/\/www.techno-g.com\/de\/wp-json\/wp\/v2\/comments?post=4518"}],"version-history":[{"count":3,"href":"https:\/\/www.techno-g.com\/de\/wp-json\/wp\/v2\/pages\/4518\/revisions"}],"predecessor-version":[{"id":7439,"href":"https:\/\/www.techno-g.com\/de\/wp-json\/wp\/v2\/pages\/4518\/revisions\/7439"}],"up":[{"embeddable":true,"href":"https:\/\/www.techno-g.com\/de\/wp-json\/wp\/v2\/pages\/4435"}],"wp:attachment":[{"href":"https:\/\/www.techno-g.com\/de\/wp-json\/wp\/v2\/media?parent=4518"}],"curies":[{"name":"wp","href":"https:\/\/api.w.org\/{rel}","templated":true}]}}