{"id":7381,"date":"2025-03-19T11:04:04","date_gmt":"2025-03-19T11:04:04","guid":{"rendered":"https:\/\/www.techno-g.com\/kugelsegmenthahn\/fortschrittliche-ptfe-loesungen-fuer-kugelsegmentventile\/"},"modified":"2025-03-20T13:43:43","modified_gmt":"2025-03-20T13:43:43","slug":"fortschrittliche-ptfe-loesungen-fuer-kugelsegmentventile","status":"publish","type":"page","link":"https:\/\/www.techno-g.com\/de\/kugelsegmenthahn\/fortschrittliche-ptfe-loesungen-fuer-kugelsegmentventile\/","title":{"rendered":"Fortschrittliche PTFE-L\u00f6sungen f\u00fcr Kugelsegmentventile"},"content":{"rendered":"\t\t<div data-elementor-type=\"wp-page\" data-elementor-id=\"7381\" class=\"elementor elementor-7381 elementor-7342\" data-elementor-post-type=\"page\">\n\t\t\t\t\t\t<section class=\"porto-full-no-gap elementor-section elementor-top-section elementor-element elementor-element-dcb487a z-index-2 py-5 elementor-section-full_width elementor-section-stretched elementor-section-height-default elementor-section-height-default\" data-id=\"dcb487a\" data-element_type=\"section\" data-e-type=\"section\" data-settings=\"{&quot;background_background&quot;:&quot;classic&quot;,&quot;stretch_section&quot;:&quot;section-stretched&quot;}\">\r\n\t\t\r\n\t\t\t\t\t\t\t<div class=\"elementor-container elementor-column-gap-no\">\r\n\t\t\t\t\t\t\t\t\t\t\t<div class=\"elementor-column elementor-col-100 elementor-top-column elementor-element elementor-element-e842bd3 position-static pt-3\" data-id=\"e842bd3\" data-element_type=\"column\" data-e-type=\"column\">\r\n\t\t\t\t\t<div class=\"elementor-widget-wrap elementor-element-populated\">\r\n\t\t\t\t\t\t\t\t<div class=\"elementor-element elementor-element-b137370 mb-1 elementor-invisible elementor-widget elementor-widget-heading\" data-id=\"b137370\" data-element_type=\"widget\" data-e-type=\"widget\" data-settings=\"{&quot;_animation&quot;:&quot;fadeInUp&quot;,&quot;_animation_delay&quot;:200}\" data-widget_type=\"heading.default\">\n\t\t\t\t<div class=\"elementor-widget-container\">\n\t\t\t\t\t<h2 class=\"elementor-heading-title elementor-size-default\">Fortschrittliche PTFE-L\u00f6sungen f\u00fcr Kugelsegmentventile<\/h2>\t\t\t\t<\/div>\n\t\t\t\t<\/div>\n\t\t\t\t<div class=\"elementor-element elementor-element-9dcc64b mb-5 pb-3 custom-font1 w-lg-66 mx-auto elementor-invisible elementor-widget elementor-widget-text-editor\" data-id=\"9dcc64b\" data-element_type=\"widget\" data-e-type=\"widget\" data-settings=\"{&quot;_animation&quot;:&quot;fadeInUp&quot;,&quot;_animation_delay&quot;:600}\" data-widget_type=\"text-editor.default\">\n\t\t\t\t<div class=\"elementor-widget-container\">\n\t\t\t\t\t\t\t\t\t<p><strong>Exzellente Technik f\u00fcr chemische und pharmazeutische Anwendungen<\/strong><\/p>\n<p>Wir bei Techno-G kennen die besonderen Herausforderungen, denen sich Chemie- und Pharmahersteller beim Umgang mit Feststoffen und aggressiven Medien gegen\u00fcbersehen. Unsere Kugelsegmentventile mit PTFE-Schutz bieten \u00fcberlegene Leistung f\u00fcr Ihre anspruchsvollsten Prozessbedingungen.<\/p>\n\t\t\t\t\t\t\t\t<\/div>\n\t\t\t\t<\/div>\n\t\t\t\t\t<\/div>\r\n\t\t\t\t<\/div>\r\n\t\t\t\t\t<\/div>\r\n\t\t\t\t<\/section>\r\n\t\t\t\t<section class=\"elementor-section elementor-top-section elementor-element elementor-element-ccc2767 elementor-section-stretched elementor-section-boxed elementor-section-height-default elementor-section-height-default\" data-id=\"ccc2767\" data-element_type=\"section\" data-e-type=\"section\" data-settings=\"{&quot;stretch_section&quot;:&quot;section-stretched&quot;,&quot;background_background&quot;:&quot;classic&quot;}\">\r\n\t\t\r\n\t\t\t\t\t\t\t<div class=\"elementor-container elementor-column-gap-default\">\r\n\t\t\t\t\t\t\t\t\t\t\t<div class=\"elementor-column elementor-col-100 elementor-top-column elementor-element elementor-element-5f9ba53\" data-id=\"5f9ba53\" data-element_type=\"column\" data-e-type=\"column\">\r\n\t\t\t\t\t<div class=\"elementor-widget-wrap elementor-element-populated\">\r\n\t\t\t\t\t\t\t\t<section class=\"elementor-section elementor-inner-section elementor-element elementor-element-ce2c553 elementor-section-boxed elementor-section-height-default elementor-section-height-default\" data-id=\"ce2c553\" data-element_type=\"section\" data-e-type=\"section\">\r\n\t\t\r\n\t\t\t\t\t\t\t<div class=\"elementor-container elementor-column-gap-default\">\r\n\t\t\t\t\t\t\t\t\t\t\t<div class=\"elementor-column elementor-col-50 elementor-inner-column elementor-element elementor-element-b9312ab\" data-id=\"b9312ab\" data-element_type=\"column\" data-e-type=\"column\">\r\n\t\t\t\t\t<div class=\"elementor-widget-wrap elementor-element-populated\">\r\n\t\t\t\t\t\t\t\t<div class=\"elementor-element elementor-element-3c3b3f8 elementor-widget elementor-widget-text-editor\" data-id=\"3c3b3f8\" data-element_type=\"widget\" data-e-type=\"widget\" data-widget_type=\"text-editor.default\">\n\t\t\t\t<div class=\"elementor-widget-container\">\n\t\t\t\t\t\t\t\t\t<h2><strong>Technische Daten<\/strong><\/h2>\n<h3><strong>PTFE-Beschichtung Eigenschaften:<\/strong><\/h3>\n<ul>\n<li><strong>Oberfl\u00e4chenenergie<\/strong>: &lt;20 mN\/m<\/li>\n<li><strong>Maximale Betriebstemperatur<\/strong>: 220\u00b0C Dauerbetrieb<\/li>\n<li><strong>Chemische Best\u00e4ndigkeit<\/strong>: pH 0-14, best\u00e4ndig gegen die meisten S\u00e4uren, Basen und organischen L\u00f6sungsmittel<\/li>\n<li><strong>Reibungskoeffizient<\/strong>: 0,05-0,10 (statisch)<\/li>\n<li><strong>Beschichtungsdicke<\/strong>: 15-25 \u03bcm Standardanwendung (anpassbar)<\/li>\n<\/ul>\n<h3><strong>Leistungsvorteile:<\/strong><\/h3>\n<ul>\n<li><strong>Reduzierung des Drehmoments<\/strong>: 30-45% geringeres Bet\u00e4tigungsmoment im Vergleich zu unbeschichteten Ventilen<\/li>\n<li><strong>Zyklenlebensdauer<\/strong>: &gt;250.000 Zyklen unter Standardbedingungen<\/li>\n<li><strong>Reinigungsf\u00e4higkeit<\/strong>: &gt;95% R\u00fcckgewinnung des Produkts bei CIP\/SIP-Prozessen<\/li>\n<\/ul>\n\t\t\t\t\t\t\t\t<\/div>\n\t\t\t\t<\/div>\n\t\t\t\t<div class=\"elementor-element elementor-element-58a6bcc elementor-widget elementor-widget-text-editor\" data-id=\"58a6bcc\" data-element_type=\"widget\" data-e-type=\"widget\" data-widget_type=\"text-editor.default\">\n\t\t\t\t<div class=\"elementor-widget-container\">\n\t\t\t\t\t\t\t\t\t<h2><strong>Prozess-Kompatibilit\u00e4t<\/strong><\/h2>\n<p>Unsere PTFE-L\u00f6sungen eignen sich hervorragend f\u00fcr anspruchsvolle Prozesse:<\/p>\n<ul>\n<li>Kristallisationsvorg\u00e4nge<\/li>\n<li>Schl\u00e4mme mit hohem Feststoffgehalt (&gt;40% w\/w)<\/li>\n<li>Hochviskose Medien (&gt;5000 cP)<\/li>\n<li>Handhabung von Scheuerpulver<\/li>\n<li>Aggressive chemische Umgebungen<\/li>\n<\/ul>\n\t\t\t\t\t\t\t\t<\/div>\n\t\t\t\t<\/div>\n\t\t\t\t\t<\/div>\r\n\t\t\t\t<\/div>\r\n\t\t\t\t<div class=\"elementor-column elementor-col-50 elementor-inner-column elementor-element elementor-element-664bd94\" data-id=\"664bd94\" data-element_type=\"column\" data-e-type=\"column\">\r\n\t\t\t\t\t<div class=\"elementor-widget-wrap elementor-element-populated\">\r\n\t\t\t\t\t\t\t\t<div class=\"elementor-element elementor-element-78f70a5 elementor-widget elementor-widget-text-editor\" data-id=\"78f70a5\" data-element_type=\"widget\" data-e-type=\"widget\" data-widget_type=\"text-editor.default\">\n\t\t\t\t<div class=\"elementor-widget-container\">\n\t\t\t\t\t\t\t\t\t<h2><strong>Ma\u00dfgeschneiderte Schutzoptionen<\/strong><\/h2>\n<p>Techno-G bietet mehrere Schutzkonfigurationen an, um Ihren spezifischen Anwendungsanforderungen gerecht zu werden:<\/p>\n<ul>\n<li><strong>Maximale Korrosionsbest\u00e4ndigkeit<\/strong>: Kompletter Ventilkopf und -k\u00f6rper aus Titan oder Hastelloy<\/li>\n<li><strong>Hybrider Schutz<\/strong>: Ventilkopf aus Titan oder Hastelloy mit PTFE-ausgekleidetem Geh\u00e4use<\/li>\n<li><strong>Gezielter Schutz<\/strong>: PTFE-ausgekleideter Ventilkopf mit Standardgeh\u00e4use<\/li>\n<li><strong>Standard Option<\/strong>: Komplette Konstruktion aus 316L-Edelstahl<\/li>\n<\/ul>\n<h2><strong>Technische Daten<\/strong><\/h2>\n<ul>\n<li><strong>Druckstufen<\/strong>: Klasse 150, 300, und 600 (PN16, PN25, PN40)<\/li>\n<li><strong>Gr\u00f6\u00dfenbereich<\/strong>: DN25-DN300 (1&#8243;-12&#8243;)<\/li>\n<li><strong>Flansch-Verbindungen<\/strong>: ASME B16.5, EN 1092-1<\/li>\n<li><strong>Leckage-Klasse<\/strong>: ANSI\/FCI 70-2 Klasse VI<\/li>\n<li><strong>Zertifizierungen<\/strong>: FDA 21 CFR 177.1550, EU 10\/2011<\/li>\n<\/ul>\n\t\t\t\t\t\t\t\t<\/div>\n\t\t\t\t<\/div>\n\t\t\t\t<div class=\"elementor-element elementor-element-0675234 elementor-widget elementor-widget-text-editor\" data-id=\"0675234\" data-element_type=\"widget\" data-e-type=\"widget\" data-widget_type=\"text-editor.default\">\n\t\t\t\t<div class=\"elementor-widget-container\">\n\t\t\t\t\t\t\t\t\t<p>Besuchen Sie die Seite <a href=\"https:\/\/www.techno-g.com\/de\/kugelsegmenthahn\/\">Kugelsegmentventill\u00f6sungen<\/a> f\u00fcr weitere Informationen oder erkunden Sie <a href=\"https:\/\/www.techno-g.com\/de\/kugelsegmenthahn\/optionen\/\">alle unsere Produktoptionen<\/a>.<\/p>\n\t\t\t\t\t\t\t\t<\/div>\n\t\t\t\t<\/div>\n\t\t\t\t<div class=\"elementor-element elementor-element-8481629 elementor-align-left elementor-mobile-align-center elementor-invisible elementor-widget elementor-widget-button\" data-id=\"8481629\" data-element_type=\"widget\" data-e-type=\"widget\" data-settings=\"{&quot;_animation&quot;:&quot;fadeInUp&quot;}\" data-widget_type=\"button.default\">\n\t\t\t\t<div class=\"elementor-widget-container\">\n\t\t\t\t\t\t\t\t\t<div class=\"elementor-button-wrapper\">\n\t\t\t\t\t<a class=\"elementor-button elementor-button-link elementor-size-md\" href=\"https:\/\/www.techno-g.com\/de\/angebotsanfrage\/\">\n\t\t\t\t\t\t<span class=\"elementor-button-content-wrapper\">\n\t\t\t\t\t\t<span class=\"elementor-button-icon\">\n\t\t\t\t<i aria-hidden=\"true\" class=\"far fa-envelope\"><\/i>\t\t\t<\/span>\n\t\t\t\t\t\t\t\t\t<span class=\"elementor-button-text\">ANGEBOT ERHALTEN<\/span>\n\t\t\t\t\t<\/span>\n\t\t\t\t\t<\/a>\n\t\t\t\t<\/div>\n\t\t\t\t\t\t\t\t<\/div>\n\t\t\t\t<\/div>\n\t\t\t\t\t<\/div>\r\n\t\t\t\t<\/div>\r\n\t\t\t\t\t<\/div>\r\n\t\t\t\t<\/section>\r\n\t\t\t\t<div class=\"elementor-element elementor-element-a446c66 elementor-widget elementor-widget-spacer\" data-id=\"a446c66\" data-element_type=\"widget\" data-e-type=\"widget\" data-widget_type=\"spacer.default\">\n\t\t\t\t<div class=\"elementor-widget-container\">\n\t\t\t\t\t\t\t<div class=\"elementor-spacer\">\n\t\t\t<div class=\"elementor-spacer-inner\"><\/div>\n\t\t<\/div>\n\t\t\t\t\t\t<\/div>\n\t\t\t\t<\/div>\n\t\t\t\t\t<\/div>\r\n\t\t\t\t<\/div>\r\n\t\t\t\t\t<\/div>\r\n\t\t\t\t<\/section>\r\n\t\t\t\t<section class=\"elementor-section elementor-top-section elementor-element elementor-element-d749d80 elementor-section-stretched elementor-section-boxed elementor-section-height-default elementor-section-height-default\" data-id=\"d749d80\" data-element_type=\"section\" data-e-type=\"section\" data-settings=\"{&quot;stretch_section&quot;:&quot;section-stretched&quot;,&quot;background_background&quot;:&quot;classic&quot;}\">\r\n\t\t\r\n\t\t\t\t\t\t\t<div class=\"elementor-container elementor-column-gap-default\">\r\n\t\t\t\t\t\t\t\t\t\t\t<div class=\"elementor-column elementor-col-100 elementor-top-column elementor-element elementor-element-82c6c21\" data-id=\"82c6c21\" data-element_type=\"column\" data-e-type=\"column\">\r\n\t\t\t\t\t<div class=\"elementor-widget-wrap elementor-element-populated\">\r\n\t\t\t\t\t\t\t\t<section class=\"elementor-section elementor-inner-section elementor-element elementor-element-1731adb elementor-section-boxed elementor-section-height-default elementor-section-height-default\" data-id=\"1731adb\" data-element_type=\"section\" data-e-type=\"section\">\r\n\t\t\r\n\t\t\t\t\t\t\t<div class=\"elementor-container elementor-column-gap-default\">\r\n\t\t\t\t\t\t\t\t\t\t\t<div class=\"elementor-column elementor-col-33 elementor-inner-column elementor-element elementor-element-3464e57\" data-id=\"3464e57\" data-element_type=\"column\" data-e-type=\"column\">\r\n\t\t\t\t\t<div class=\"elementor-widget-wrap\">\r\n\t\t\t\t\t\t\t\t\t<\/div>\r\n\t\t\t\t<\/div>\r\n\t\t\t\t<div class=\"elementor-column elementor-col-33 elementor-inner-column elementor-element elementor-element-7f73d72\" data-id=\"7f73d72\" data-element_type=\"column\" data-e-type=\"column\">\r\n\t\t\t\t\t<div class=\"elementor-widget-wrap elementor-element-populated\">\r\n\t\t\t\t\t\t\t\t<div class=\"elementor-element elementor-element-d21cf7b elementor-widget elementor-widget-heading\" data-id=\"d21cf7b\" data-element_type=\"widget\" data-e-type=\"widget\" data-widget_type=\"heading.default\">\n\t\t\t\t<div class=\"elementor-widget-container\">\n\t\t\t\t\t<h2 class=\"elementor-heading-title elementor-size-default\">Verwandte Beitr\u00e4ge<\/h2>\t\t\t\t<\/div>\n\t\t\t\t<\/div>\n\t\t\t\t<div class=\"elementor-element elementor-element-dd56f80 elementor-grid-1 elementor-grid-tablet-2 elementor-grid-mobile-1 elementor-posts--thumbnail-top elementor-card-shadow-yes elementor-posts__hover-gradient elementor-widget elementor-widget-posts\" data-id=\"dd56f80\" data-element_type=\"widget\" data-e-type=\"widget\" data-settings=\"{&quot;cards_columns&quot;:&quot;1&quot;,&quot;cards_columns_tablet&quot;:&quot;2&quot;,&quot;cards_columns_mobile&quot;:&quot;1&quot;,&quot;cards_row_gap&quot;:{&quot;unit&quot;:&quot;px&quot;,&quot;size&quot;:35,&quot;sizes&quot;:[]},&quot;cards_row_gap_tablet&quot;:{&quot;unit&quot;:&quot;px&quot;,&quot;size&quot;:&quot;&quot;,&quot;sizes&quot;:[]},&quot;cards_row_gap_mobile&quot;:{&quot;unit&quot;:&quot;px&quot;,&quot;size&quot;:&quot;&quot;,&quot;sizes&quot;:[]}}\" data-widget_type=\"posts.cards\">\n\t\t\t\t<div class=\"elementor-widget-container\">\n\t\t\t\t\t\t\t<div class=\"elementor-posts-container elementor-posts elementor-posts--skin-cards elementor-grid\" role=\"list\">\n\t\t\t\t<article class=\"elementor-post elementor-grid-item post-7369 post type-post status-publish format-standard hentry category-segmentierte-kugelhahne tag-ptfe-de tag-ptfe-losungen\" role=\"listitem\">\n\t\t\t<div class=\"elementor-post__card\">\n\t\t\t\t<div class=\"elementor-post__text\">\n\t\t\t\t<h3 class=\"elementor-post__title\">\n\t\t\t<a href=\"https:\/\/www.techno-g.com\/de\/segmentierte-kugelhahne\/techno-g-stellt-fortschrittliche-ptfe-geschuetzte-kugelsegmentventile-fuer-die-chemische-verarbeitung-vor\/\" >\n\t\t\t\tTechno-G stellt fortschrittliche PTFE-gesch\u00fctzte Kugelsegmentventile f\u00fcr die chemische Verarbeitung vor\t\t\t<\/a>\n\t\t<\/h3>\n\t\t\t\t<div class=\"elementor-post__excerpt\">\n\t\t\t<p>Techno-G hat eine verbesserte Reihe von Kugelsegmentventilen mit PTFE-Schutztechnologie angek\u00fcndigt, die speziell f\u00fcr die Handhabung von Feststoffen in chemischen und pharmazeutischen Anwendungen entwickelt wurde. Die<\/p>\n\t\t<\/div>\n\t\t\n\t\t<a class=\"elementor-post__read-more\" href=\"https:\/\/www.techno-g.com\/de\/segmentierte-kugelhahne\/techno-g-stellt-fortschrittliche-ptfe-geschuetzte-kugelsegmentventile-fuer-die-chemische-verarbeitung-vor\/\" aria-label=\"Mehr \u00fcber Techno-G stellt fortschrittliche PTFE-gesch\u00fctzte Kugelsegmentventile f\u00fcr die chemische Verarbeitung vor\" tabindex=\"-1\" >\n\t\t\tMehr lesen \"\t\t<\/a>\n\n\t\t\t\t<\/div>\n\t\t\t\t<div class=\"elementor-post__meta-data\">\n\t\t\t\t\t<span class=\"elementor-post-date\">\n\t\t\t19. M\u00e4rz 2025\t\t<\/span>\n\t\t\t\t<\/div>\n\t\t\t\t\t<\/div>\n\t\t<\/article>\n\t\t\t\t<\/div>\n\t\t\n\t\t\t\t\t\t<\/div>\n\t\t\t\t<\/div>\n\t\t\t\t\t<\/div>\r\n\t\t\t\t<\/div>\r\n\t\t\t\t<div class=\"elementor-column elementor-col-33 elementor-inner-column elementor-element elementor-element-a69e228\" data-id=\"a69e228\" data-element_type=\"column\" data-e-type=\"column\">\r\n\t\t\t\t\t<div class=\"elementor-widget-wrap\">\r\n\t\t\t\t\t\t\t\t\t<\/div>\r\n\t\t\t\t<\/div>\r\n\t\t\t\t\t<\/div>\r\n\t\t\t\t<\/section>\r\n\t\t\t\t<div class=\"elementor-element elementor-element-01f85ca elementor-widget elementor-widget-spacer\" data-id=\"01f85ca\" data-element_type=\"widget\" data-e-type=\"widget\" data-widget_type=\"spacer.default\">\n\t\t\t\t<div class=\"elementor-widget-container\">\n\t\t\t\t\t\t\t<div class=\"elementor-spacer\">\n\t\t\t<div class=\"elementor-spacer-inner\"><\/div>\n\t\t<\/div>\n\t\t\t\t\t\t<\/div>\n\t\t\t\t<\/div>\n\t\t\t\t\t<\/div>\r\n\t\t\t\t<\/div>\r\n\t\t\t\t\t<\/div>\r\n\t\t\t\t<\/section>\r\n\t\t\t\t<section class=\"elementor-section elementor-top-section elementor-element elementor-element-46bc1e7 elementor-section-content-middle elementor-hidden-mobile elementor-section-stretched elementor-section-boxed elementor-section-height-default elementor-section-height-default\" data-id=\"46bc1e7\" data-element_type=\"section\" data-e-type=\"section\" data-settings=\"{&quot;background_background&quot;:&quot;classic&quot;,&quot;stretch_section&quot;:&quot;section-stretched&quot;}\">\r\n\t\t\r\n\t\t\t\t\t\t\t<div class=\"elementor-container elementor-column-gap-default\">\r\n\t\t\t\t\t\t\t\t\t\t\t<div class=\"elementor-column elementor-col-50 elementor-top-column elementor-element elementor-element-a6991df\" data-id=\"a6991df\" data-element_type=\"column\" data-e-type=\"column\">\r\n\t\t\t\t\t<div class=\"elementor-widget-wrap elementor-element-populated\">\r\n\t\t\t\t\t\t\t\t<div class=\"elementor-element elementor-element-157dfde elementor-widget elementor-widget-heading\" data-id=\"157dfde\" data-element_type=\"widget\" data-e-type=\"widget\" data-widget_type=\"heading.default\">\n\t\t\t\t<div class=\"elementor-widget-container\">\n\t\t\t\t\t<h2 class=\"elementor-heading-title elementor-size-default\">Wenn Sie ein \"ma\u00dfgeschneidertes\" Techno-G Kugelsegmentventil erhalten m\u00f6chten, nutzen Sie bitte die Schaltfl\u00e4che \"Angebot anfordern\".<\/h2>\t\t\t\t<\/div>\n\t\t\t\t<\/div>\n\t\t\t\t\t<\/div>\r\n\t\t\t\t<\/div>\r\n\t\t\t\t<div class=\"elementor-column elementor-col-50 elementor-top-column elementor-element elementor-element-d94b54d\" data-id=\"d94b54d\" data-element_type=\"column\" data-e-type=\"column\">\r\n\t\t\t\t\t<div class=\"elementor-widget-wrap elementor-element-populated\">\r\n\t\t\t\t\t\t\t\t<div class=\"elementor-element elementor-element-e5a3425 btn-borders-triangle text-lg-end elementor-widget__width-initial elementor-invisible elementor-widget elementor-widget-porto_button\" data-id=\"e5a3425\" data-element_type=\"widget\" data-e-type=\"widget\" data-settings=\"{&quot;_animation&quot;:&quot;shake&quot;,&quot;_animation_delay&quot;:1000}\" data-widget_type=\"porto_button.default\">\n\t\t\t\t<div class=\"elementor-widget-container\">\n\t\t\t\t\t<a class=\"btn btn-md btn-light btn-borders\" href=\"https:\/\/www.techno-g.com\/quotation-request\/\"><span >Angebot einholen<\/span><\/a>\t\t\t\t<\/div>\n\t\t\t\t<\/div>\n\t\t\t\t\t<\/div>\r\n\t\t\t\t<\/div>\r\n\t\t\t\t\t<\/div>\r\n\t\t\t\t<\/section>\r\n\t\t\t\t<section class=\"elementor-section elementor-top-section elementor-element elementor-element-32e7a9e elementor-section-boxed elementor-section-height-default elementor-section-height-default\" data-id=\"32e7a9e\" data-element_type=\"section\" data-e-type=\"section\">\r\n\t\t\r\n\t\t\t\t\t\t\t<div class=\"elementor-container elementor-column-gap-default\">\r\n\t\t\t\t\t\t\t\t\t\t\t<div class=\"elementor-column elementor-col-100 elementor-top-column elementor-element elementor-element-2aac2a7\" data-id=\"2aac2a7\" data-element_type=\"column\" data-e-type=\"column\">\r\n\t\t\t\t\t<div class=\"elementor-widget-wrap elementor-element-populated\">\r\n\t\t\t\t\t\t\t\t<div class=\"elementor-element elementor-element-8831e52 elementor-widget elementor-widget-shortcode\" data-id=\"8831e52\" data-element_type=\"widget\" data-e-type=\"widget\" data-widget_type=\"shortcode.default\">\n\t\t\t\t<div class=\"elementor-widget-container\">\n\t\t\t\t\t\t\t<div class=\"elementor-shortcode\">\t\t<div data-elementor-type=\"section\" data-elementor-id=\"4540\" class=\"elementor elementor-4540 elementor-4252 elementor-4252\" data-elementor-post-type=\"elementor_library\">\n\t\t\t\t\t<section class=\"elementor-section elementor-top-section elementor-element elementor-element-e22e5db elementor-section-content-middle py-5 my-4 elementor-section-boxed elementor-section-height-default elementor-section-height-default\" data-id=\"e22e5db\" data-element_type=\"section\" data-e-type=\"section\">\r\n\t\t\r\n\t\t\t\t\t\t\t<div class=\"elementor-container elementor-column-gap-default\">\r\n\t\t\t\t\t\t\t\t\t\t\t<div class=\"elementor-column elementor-col-50 elementor-top-column elementor-element elementor-element-458f41d pe-lg-4\" data-id=\"458f41d\" data-element_type=\"column\" data-e-type=\"column\">\r\n\t\t\t\t\t<div class=\"elementor-widget-wrap elementor-element-populated\">\r\n\t\t\t\t\t\t\t\t<div class=\"elementor-element elementor-element-42e1695 elementor-widget elementor-widget-text-editor\" data-id=\"42e1695\" data-element_type=\"widget\" data-e-type=\"widget\" data-widget_type=\"text-editor.default\">\n\t\t\t\t<div class=\"elementor-widget-container\">\n\t\t\t\t\t\t\t\t\t<div style=\"position:relative; width:1px; min-width:100%;padding-bottom:56.25%;\"><iframe allow=\"autoplay\" class=\"spotlightr\" allowtransparency=\"true\" style=\"width:1px; min-width:100%; height: 100%; position:absolute\" allowfullscreen=\"true\" src=\"https:\/\/symblings.cdn.spotlightr.com\/watch\/MTQ4NjQzMw==?fallback=true\" frameborder=\"0\" scrolling=\"no\" name=\"videoPlayer\"> <\/iframe><\/div>\n\t\t\t\t\t\t\t\t<\/div>\n\t\t\t\t<\/div>\n\t\t\t\t\t<\/div>\r\n\t\t\t\t<\/div>\r\n\t\t\t\t<div class=\"elementor-column elementor-col-50 elementor-top-column elementor-element elementor-element-4f5b51c elementor-invisible\" data-id=\"4f5b51c\" data-element_type=\"column\" data-e-type=\"column\" data-settings=\"{&quot;animation&quot;:&quot;fadeInUp&quot;}\">\r\n\t\t\t\t\t<div class=\"elementor-widget-wrap elementor-element-populated\">\r\n\t\t\t\t\t\t\t\t<div class=\"elementor-element elementor-element-8f1d9e5 py-2 mb-0 elementor-invisible elementor-widget elementor-widget-heading\" data-id=\"8f1d9e5\" data-element_type=\"widget\" data-e-type=\"widget\" data-settings=\"{&quot;_animation_delay&quot;:200,&quot;_animation&quot;:&quot;fadeInUp&quot;}\" data-widget_type=\"heading.default\">\n\t\t\t\t<div class=\"elementor-widget-container\">\n\t\t\t\t\t<h3 class=\"elementor-heading-title elementor-size-default\">PROZESSANWENDUNGEN<\/h3>\t\t\t\t<\/div>\n\t\t\t\t<\/div>\n\t\t\t\t<div class=\"elementor-element elementor-element-381d63f mb-3 elementor-invisible elementor-widget elementor-widget-heading\" data-id=\"381d63f\" data-element_type=\"widget\" data-e-type=\"widget\" data-settings=\"{&quot;_animation_delay&quot;:400,&quot;_animation&quot;:&quot;fadeInUp&quot;}\" data-widget_type=\"heading.default\">\n\t\t\t\t<div class=\"elementor-widget-container\">\n\t\t\t\t\t<h2 class=\"elementor-heading-title elementor-size-default\">Ma\u00dfgeschneidert bis zur Perfektion<\/h2>\t\t\t\t<\/div>\n\t\t\t\t<\/div>\n\t\t\t\t<div class=\"elementor-element elementor-element-3a78931 mb-4 custom-font1 elementor-invisible elementor-widget elementor-widget-heading\" data-id=\"3a78931\" data-element_type=\"widget\" data-e-type=\"widget\" data-settings=\"{&quot;_animation_delay&quot;:600,&quot;_animation&quot;:&quot;fadeInUp&quot;}\" data-widget_type=\"heading.default\">\n\t\t\t\t<div class=\"elementor-widget-container\">\n\t\t\t\t\t<p class=\"elementor-heading-title elementor-size-default\">Die Produkte von Techno-G sind vielseitig und werden f\u00fcr eine Vielzahl von Anwendungen wie z. B. Vakuumtrockner eingesetzt,\nSchaufeltrockner, Vakuumschleusen, Mischer, Zentrifugen, konische Trockner, Mischbeh\u00e4lter und\nReaktoren. Sie bieten nicht nur optimale Funktionalit\u00e4t, sondern auch zuverl\u00e4ssige und sichere\nBetrieb.<\/p>\t\t\t\t<\/div>\n\t\t\t\t<\/div>\n\t\t\t\t<div class=\"elementor-element elementor-element-b214ef6 elementor-invisible elementor-widget elementor-widget-text-editor\" data-id=\"b214ef6\" data-element_type=\"widget\" data-e-type=\"widget\" data-settings=\"{&quot;_animation&quot;:&quot;fadeInUp&quot;,&quot;_animation_delay&quot;:800}\" data-widget_type=\"text-editor.default\">\n\t\t\t\t<div class=\"elementor-widget-container\">\n\t\t\t\t\t\t\t\t\t<p>Die Produkte von Techno-G sind vielseitig einsetzbar und eignen sich f\u00fcr eine Vielzahl von Anwendungen wie Vakuumtrockner, Schaufeltrockner, Vakuumschleusen, Mischer, Zentrifugen, konische Trockner, Mischbeh\u00e4lter und Reaktoren. Sie bieten nicht nur optimale Funktionalit\u00e4t, sondern auch einen zuverl\u00e4ssigen und sicheren Betrieb.<\/p>\n<p>Die Ventile von Techno-G werden in einem breiten Spektrum von Sektoren eingesetzt, von der Pharmazie, Chemie und Feinchemie bis hin zu API, Lebensmitteln, Kosmetika, Mineralien und Metallen, um nur einige zu nennen. Ob es um die Sicherstellung einer gleichm\u00e4\u00dfigen Durchflussregelung in der pharmazeutischen Produktion, die exakte Modulation bei der Herstellung von Feinchemikalien oder das Sterilit\u00e4tsmanagement in der Lebensmittelverarbeitung geht, unsere Kugelsegmentventile bieten stets eine un\u00fcbertroffene Effizienz, die auf die besonderen Anforderungen Ihrer Branche zugeschnitten ist.<\/p>\n\t\t\t\t\t\t\t\t<\/div>\n\t\t\t\t<\/div>\n\t\t\t\t\t<\/div>\r\n\t\t\t\t<\/div>\r\n\t\t\t\t\t<\/div>\r\n\t\t\t\t<\/section>\r\n\t\t\t\t<\/div>\n\t\t<\/div>\n\t\t\t\t\t\t<\/div>\n\t\t\t\t<\/div>\n\t\t\t\t\t<\/div>\r\n\t\t\t\t<\/div>\r\n\t\t\t\t\t<\/div>\r\n\t\t\t\t<\/section>\r\n\t\t\t\t<\/div>\n\t\t","protected":false},"excerpt":{"rendered":"<p>Fortschrittliche PTFE-L\u00f6sungen f\u00fcr Kugelsegmentventile Exzellente Technik f\u00fcr chemische und pharmazeutische Anwendungen Wir bei Techno-G kennen die besonderen Herausforderungen, denen sich Chemie- und Pharmahersteller beim Umgang mit Feststoffen und aggressiven Medien gegen\u00fcbersehen. Unsere Kugelsegmentventile mit PTFE-Schutz bieten \u00fcberlegene Leistung f\u00fcr Ihre anspruchsvollsten Prozessbedingungen. Technische Daten PTFE-Beschichtung Eigenschaften: Oberfl\u00e4chenenergie: &lt;20 mN\/m Maximale Betriebstemperatur: 220\u00b0C Dauerbetrieb Chemische Best\u00e4ndigkeit: [&hellip;]<\/p>\n","protected":false},"author":1,"featured_media":0,"parent":4435,"menu_order":0,"comment_status":"closed","ping_status":"closed","template":"","meta":{"_acf_changed":false,"footnotes":""},"class_list":["post-7381","page","type-page","status-publish","hentry"],"acf":[],"_links":{"self":[{"href":"https:\/\/www.techno-g.com\/de\/wp-json\/wp\/v2\/pages\/7381","targetHints":{"allow":["GET"]}}],"collection":[{"href":"https:\/\/www.techno-g.com\/de\/wp-json\/wp\/v2\/pages"}],"about":[{"href":"https:\/\/www.techno-g.com\/de\/wp-json\/wp\/v2\/types\/page"}],"author":[{"embeddable":true,"href":"https:\/\/www.techno-g.com\/de\/wp-json\/wp\/v2\/users\/1"}],"replies":[{"embeddable":true,"href":"https:\/\/www.techno-g.com\/de\/wp-json\/wp\/v2\/comments?post=7381"}],"version-history":[{"count":1,"href":"https:\/\/www.techno-g.com\/de\/wp-json\/wp\/v2\/pages\/7381\/revisions"}],"predecessor-version":[{"id":7382,"href":"https:\/\/www.techno-g.com\/de\/wp-json\/wp\/v2\/pages\/7381\/revisions\/7382"}],"up":[{"embeddable":true,"href":"https:\/\/www.techno-g.com\/de\/wp-json\/wp\/v2\/pages\/4435"}],"wp:attachment":[{"href":"https:\/\/www.techno-g.com\/de\/wp-json\/wp\/v2\/media?parent=7381"}],"curies":[{"name":"wp","href":"https:\/\/api.w.org\/{rel}","templated":true}]}}