{"id":7705,"date":"2023-08-21T10:28:52","date_gmt":"2023-08-21T10:28:52","guid":{"rendered":"https:\/\/www.techno-g.com\/vanne-a-segment-a-bille\/atex\/"},"modified":"2026-01-26T18:24:40","modified_gmt":"2026-01-26T18:24:40","slug":"atex","status":"publish","type":"page","link":"https:\/\/www.techno-g.com\/fr\/vanne-a-segment-spherique\/atex\/","title":{"rendered":"Atex"},"content":{"rendered":"\t\t<div data-elementor-type=\"wp-page\" data-elementor-id=\"7705\" class=\"elementor elementor-7705 elementor-3782\" data-elementor-post-type=\"page\">\n\t\t\t\t\t\t<section class=\"porto-full-no-gap elementor-section elementor-top-section elementor-element elementor-element-9a2baed z-index-2 py-5 elementor-section-full_width elementor-section-stretched elementor-section-height-default elementor-section-height-default\" data-id=\"9a2baed\" data-element_type=\"section\" data-e-type=\"section\" data-settings=\"{&quot;background_background&quot;:&quot;classic&quot;,&quot;stretch_section&quot;:&quot;section-stretched&quot;}\">\r\n\t\t\r\n\t\t\t\t\t\t\t<div class=\"elementor-container elementor-column-gap-no\">\r\n\t\t\t\t\t\t\t\t\t\t\t<div class=\"elementor-column elementor-col-100 elementor-top-column elementor-element elementor-element-695f7b3 position-static pt-3\" data-id=\"695f7b3\" data-element_type=\"column\" data-e-type=\"column\">\r\n\t\t\t\t\t<div class=\"elementor-widget-wrap elementor-element-populated\">\r\n\t\t\t\t\t\t\t\t<div class=\"elementor-element elementor-element-bc7c069 mb-1 elementor-invisible elementor-widget elementor-widget-heading\" data-id=\"bc7c069\" data-element_type=\"widget\" data-e-type=\"widget\" data-settings=\"{&quot;_animation&quot;:&quot;fadeInUp&quot;,&quot;_animation_delay&quot;:200}\" data-widget_type=\"heading.default\">\n\t\t\t\t<div class=\"elementor-widget-container\">\n\t\t\t\t\t<h2 class=\"elementor-heading-title elementor-size-default\">Atex<\/h2>\t\t\t\t<\/div>\n\t\t\t\t<\/div>\n\t\t\t\t<div class=\"elementor-element elementor-element-3f06f1d mb-5 pb-3 custom-font1 w-lg-66 mx-auto elementor-invisible elementor-widget elementor-widget-heading\" data-id=\"3f06f1d\" data-element_type=\"widget\" data-e-type=\"widget\" data-settings=\"{&quot;_animation&quot;:&quot;fadeInUp&quot;,&quot;_animation_delay&quot;:600}\" data-widget_type=\"heading.default\">\n\t\t\t\t<div class=\"elementor-widget-container\">\n\t\t\t\t\t<p class=\"elementor-heading-title elementor-size-default\">Pour chaque situation \u00e0 l\u2019\u00e9preuve des explosions, une ex\u00e9cution sp\u00e9cifique de la soupape \u00e0 segment de bille conforme \u00e0 ATEX-Dust est essentielle.  \n<\/p>\t\t\t\t<\/div>\n\t\t\t\t<\/div>\n\t\t\t\t\t<\/div>\r\n\t\t\t\t<\/div>\r\n\t\t\t\t\t<\/div>\r\n\t\t\t\t<\/section>\r\n\t\t\t\t<section class=\"elementor-section elementor-top-section elementor-element elementor-element-60ddf40 elementor-section-stretched elementor-section-boxed elementor-section-height-default elementor-section-height-default\" data-id=\"60ddf40\" data-element_type=\"section\" data-e-type=\"section\" data-settings=\"{&quot;stretch_section&quot;:&quot;section-stretched&quot;,&quot;background_background&quot;:&quot;classic&quot;}\">\r\n\t\t\r\n\t\t\t\t\t\t\t<div class=\"elementor-container elementor-column-gap-default\">\r\n\t\t\t\t\t\t\t\t\t\t\t<div class=\"elementor-column elementor-col-50 elementor-top-column elementor-element elementor-element-036a09f\" data-id=\"036a09f\" data-element_type=\"column\" data-e-type=\"column\">\r\n\t\t\t\t\t<div class=\"elementor-widget-wrap elementor-element-populated\">\r\n\t\t\t\t\t\t\t\t<div class=\"elementor-element elementor-element-b1aa7fa elementor-invisible elementor-widget elementor-widget-image\" data-id=\"b1aa7fa\" data-element_type=\"widget\" data-e-type=\"widget\" data-settings=\"{&quot;_animation&quot;:&quot;fadeInRight&quot;}\" data-widget_type=\"image.default\">\n\t\t\t\t<div class=\"elementor-widget-container\">\n\t\t\t\t\t\t\t\t\t\t\t\t\t\t\t<img fetchpriority=\"high\" decoding=\"async\" width=\"800\" height=\"600\" src=\"https:\/\/www.techno-g.com\/wp-content\/uploads\/2023\/08\/ATEX-ball-segmented-valves.jpg\" class=\"attachment-full size-full wp-image-7707\" alt=\"Diagramme montrant les zones dangereuses pour la poussi\u00e8re dans un environnement industriel, avec un camion, des silos, des mat\u00e9riaux et une vanne \u00e0 segment sph\u00e9rique. La zone 20 (rouge), la zone 21 (jaune) et la zone 22 (ray\u00e9e) sont d\u00e9limit\u00e9es autour des \u00e9quipements et des zones de stockage.\" srcset=\"https:\/\/www.techno-g.com\/wp-content\/uploads\/2023\/08\/ATEX-ball-segmented-valves.jpg 800w, https:\/\/www.techno-g.com\/wp-content\/uploads\/2023\/08\/ATEX-ball-segmented-valves-768x576.jpg 768w, https:\/\/www.techno-g.com\/wp-content\/uploads\/2023\/08\/ATEX-ball-segmented-valves-463x348.jpg 463w, https:\/\/www.techno-g.com\/wp-content\/uploads\/2023\/08\/ATEX-ball-segmented-valves-640x480.jpg 640w, https:\/\/www.techno-g.com\/wp-content\/uploads\/2023\/08\/ATEX-ball-segmented-valves-400x300.jpg 400w, https:\/\/www.techno-g.com\/wp-content\/uploads\/2023\/08\/ATEX-ball-segmented-valves-367x275.jpg 367w\" sizes=\"(max-width: 800px) 100vw, 800px\" \/>\t\t\t\t\t\t\t\t\t\t\t\t\t\t\t<\/div>\n\t\t\t\t<\/div>\n\t\t\t\t\t<\/div>\r\n\t\t\t\t<\/div>\r\n\t\t\t\t<div class=\"elementor-column elementor-col-50 elementor-top-column elementor-element elementor-element-b32be40\" data-id=\"b32be40\" data-element_type=\"column\" data-e-type=\"column\">\r\n\t\t\t\t\t<div class=\"elementor-widget-wrap elementor-element-populated\">\r\n\t\t\t\t\t\t\t\t<div class=\"elementor-element elementor-element-1702ec2 elementor-invisible elementor-widget elementor-widget-heading\" data-id=\"1702ec2\" data-element_type=\"widget\" data-e-type=\"widget\" data-settings=\"{&quot;_animation&quot;:&quot;fadeInRight&quot;}\" data-widget_type=\"heading.default\">\n\t\t\t\t<div class=\"elementor-widget-container\">\n\t\t\t\t\t<h3 class=\"elementor-heading-title elementor-size-default\">Exigences<\/h3>\t\t\t\t<\/div>\n\t\t\t\t<\/div>\n\t\t\t\t<div class=\"elementor-element elementor-element-3030411 elementor-widget elementor-widget-text-editor\" data-id=\"3030411\" data-element_type=\"widget\" data-e-type=\"widget\" data-widget_type=\"text-editor.default\">\n\t\t\t\t<div class=\"elementor-widget-container\">\n\t\t\t\t\t\t\t\t\t<p><strong>Tous les accessoires tels que les actionneurs \/ capteurs de position \/ pi\u00e8ces de bo\u00eete de contr\u00f4le sont certifi\u00e9s SIL \/ ATEX \/ CE.<\/strong><\/p>\t\t\t\t\t\t\t\t<\/div>\n\t\t\t\t<\/div>\n\t\t\t\t<div class=\"elementor-element elementor-element-b1dd742 elementor-invisible elementor-widget elementor-widget-toggle\" data-id=\"b1dd742\" data-element_type=\"widget\" data-e-type=\"widget\" data-settings=\"{&quot;_animation&quot;:&quot;fadeInRight&quot;}\" data-widget_type=\"toggle.default\">\n\t\t\t\t<div class=\"elementor-widget-container\">\n\t\t\t\t\t\t\t<div class=\"elementor-toggle\">\n\t\t\t\t\t\t\t<div class=\"elementor-toggle-item\">\n\t\t\t\t\t<div id=\"elementor-tab-title-1861\" class=\"elementor-tab-title\" data-tab=\"1\" role=\"button\" aria-controls=\"elementor-tab-content-1861\" aria-expanded=\"false\">\n\t\t\t\t\t\t\t\t\t\t\t\t<span class=\"elementor-toggle-icon elementor-toggle-icon-right\" aria-hidden=\"true\">\n\t\t\t\t\t\t\t\t\t\t\t\t\t\t\t<span class=\"elementor-toggle-icon-closed\"><i class=\"fas fa-caret-down\"><\/i><\/span>\n\t\t\t\t\t\t\t\t<span class=\"elementor-toggle-icon-opened\"><i class=\"elementor-toggle-icon-opened fas fa-caret-up\"><\/i><\/span>\n\t\t\t\t\t\t\t\t\t\t\t\t\t<\/span>\n\t\t\t\t\t\t\t\t\t\t\t\t<a class=\"elementor-toggle-title\" tabindex=\"0\">Crit\u00e8res ATEX<\/a>\n\t\t\t\t\t<\/div>\n\n\t\t\t\t\t<div id=\"elementor-tab-content-1861\" class=\"elementor-tab-content elementor-clearfix\" data-tab=\"1\" role=\"region\" aria-labelledby=\"elementor-tab-title-1861\"><p>Les vannes \u00e0 segment \u00e0 bille Techno-G respectent les crit\u00e8res ATEX d\u00e9finis, notamment : zone de poussi\u00e8re 20, zone de poussi\u00e8re 21 et zone de poussi\u00e8re 22 (conform\u00e9ment \u00e0 EN60079-10-2:2009).<\/p>\n<\/div>\n\t\t\t\t<\/div>\n\t\t\t\t\t\t\t<div class=\"elementor-toggle-item\">\n\t\t\t\t\t<div id=\"elementor-tab-title-1862\" class=\"elementor-tab-title\" data-tab=\"2\" role=\"button\" aria-controls=\"elementor-tab-content-1862\" aria-expanded=\"false\">\n\t\t\t\t\t\t\t\t\t\t\t\t<span class=\"elementor-toggle-icon elementor-toggle-icon-right\" aria-hidden=\"true\">\n\t\t\t\t\t\t\t\t\t\t\t\t\t\t\t<span class=\"elementor-toggle-icon-closed\"><i class=\"fas fa-caret-down\"><\/i><\/span>\n\t\t\t\t\t\t\t\t<span class=\"elementor-toggle-icon-opened\"><i class=\"elementor-toggle-icon-opened fas fa-caret-up\"><\/i><\/span>\n\t\t\t\t\t\t\t\t\t\t\t\t\t<\/span>\n\t\t\t\t\t\t\t\t\t\t\t\t<a class=\"elementor-toggle-title\" tabindex=\"0\">Certifi\u00e9 bij DEKRA<\/a>\n\t\t\t\t\t<\/div>\n\n\t\t\t\t\t<div id=\"elementor-tab-content-1862\" class=\"elementor-tab-content elementor-clearfix\" data-tab=\"2\" role=\"region\" aria-labelledby=\"elementor-tab-title-1862\"><p>Techno-G est un produit de Jongia NV. Jongia ne se contente pas de remplir ces exigences de zones ATEX, il est \u00e9galement certifi\u00e9 par DEKRA. <\/p>\n<\/div>\n\t\t\t\t<\/div>\n\t\t\t\t\t\t\t\t<\/div>\n\t\t\t\t\t\t<\/div>\n\t\t\t\t<\/div>\n\t\t\t\t<div class=\"elementor-element elementor-element-530a6de elementor-invisible elementor-widget elementor-widget-text-editor\" data-id=\"530a6de\" data-element_type=\"widget\" data-e-type=\"widget\" data-settings=\"{&quot;_animation&quot;:&quot;fadeInRight&quot;}\" data-widget_type=\"text-editor.default\">\n\t\t\t\t<div class=\"elementor-widget-container\">\n\t\t\t\t\t\t\t\t\t<p><em>Si vous avez des questions concernant la valve \u00e0 segment \u00e0 bille et ses certifications, n\u2019h\u00e9sitez pas \u00e0 nous contacter.<\/em><\/p>\t\t\t\t\t\t\t\t<\/div>\n\t\t\t\t<\/div>\n\t\t\t\t<div class=\"elementor-element elementor-element-e56be5a elementor-align-left elementor-mobile-align-center elementor-invisible elementor-widget elementor-widget-button\" data-id=\"e56be5a\" data-element_type=\"widget\" data-e-type=\"widget\" data-settings=\"{&quot;_animation&quot;:&quot;fadeInUp&quot;}\" data-widget_type=\"button.default\">\n\t\t\t\t<div class=\"elementor-widget-container\">\n\t\t\t\t\t\t\t\t\t<div class=\"elementor-button-wrapper\">\n\t\t\t\t\t<a class=\"elementor-button elementor-button-link elementor-size-md\" href=\"https:\/\/www.techno-g.com\/fr\/demande-de-devis\/\">\n\t\t\t\t\t\t<span class=\"elementor-button-content-wrapper\">\n\t\t\t\t\t\t<span class=\"elementor-button-icon\">\n\t\t\t\t<i aria-hidden=\"true\" class=\"far fa-envelope\"><\/i>\t\t\t<\/span>\n\t\t\t\t\t\t\t\t\t<span class=\"elementor-button-text\">OBTENEZ UN DEVIS<\/span>\n\t\t\t\t\t<\/span>\n\t\t\t\t\t<\/a>\n\t\t\t\t<\/div>\n\t\t\t\t\t\t\t\t<\/div>\n\t\t\t\t<\/div>\n\t\t\t\t\t<\/div>\r\n\t\t\t\t<\/div>\r\n\t\t\t\t\t<\/div>\r\n\t\t\t\t<\/section>\r\n\t\t\t\t<section class=\"elementor-section elementor-top-section elementor-element elementor-element-45aa758 elementor-section-stretched elementor-section-boxed elementor-section-height-default elementor-section-height-default\" data-id=\"45aa758\" data-element_type=\"section\" data-e-type=\"section\" data-settings=\"{&quot;stretch_section&quot;:&quot;section-stretched&quot;,&quot;background_background&quot;:&quot;classic&quot;}\">\r\n\t\t\r\n\t\t\t\t\t\t\t<div class=\"elementor-container elementor-column-gap-default\">\r\n\t\t\t\t\t\t\t\t\t\t\t<div class=\"elementor-column elementor-col-100 elementor-top-column elementor-element elementor-element-20ae31c\" data-id=\"20ae31c\" data-element_type=\"column\" data-e-type=\"column\">\r\n\t\t\t\t\t<div class=\"elementor-widget-wrap elementor-element-populated\">\r\n\t\t\t\t\t\t\t\t<div class=\"elementor-element elementor-element-8bd385d elementor-widget elementor-widget-spacer\" data-id=\"8bd385d\" data-element_type=\"widget\" data-e-type=\"widget\" data-widget_type=\"spacer.default\">\n\t\t\t\t<div class=\"elementor-widget-container\">\n\t\t\t\t\t\t\t<div class=\"elementor-spacer\">\n\t\t\t<div class=\"elementor-spacer-inner\"><\/div>\n\t\t<\/div>\n\t\t\t\t\t\t<\/div>\n\t\t\t\t<\/div>\n\t\t\t\t\t<\/div>\r\n\t\t\t\t<\/div>\r\n\t\t\t\t\t<\/div>\r\n\t\t\t\t<\/section>\r\n\t\t\t\t<section class=\"elementor-section elementor-top-section elementor-element elementor-element-7799552 elementor-section-content-middle elementor-hidden-mobile elementor-section-stretched elementor-section-boxed elementor-section-height-default elementor-section-height-default\" data-id=\"7799552\" data-element_type=\"section\" data-e-type=\"section\" data-settings=\"{&quot;background_background&quot;:&quot;classic&quot;,&quot;stretch_section&quot;:&quot;section-stretched&quot;}\">\r\n\t\t\r\n\t\t\t\t\t\t\t<div class=\"elementor-container elementor-column-gap-default\">\r\n\t\t\t\t\t\t\t\t\t\t\t<div class=\"elementor-column elementor-col-50 elementor-top-column elementor-element elementor-element-9751591\" data-id=\"9751591\" data-element_type=\"column\" data-e-type=\"column\">\r\n\t\t\t\t\t<div class=\"elementor-widget-wrap elementor-element-populated\">\r\n\t\t\t\t\t\t\t\t<div class=\"elementor-element elementor-element-23a82b8 elementor-widget elementor-widget-heading\" data-id=\"23a82b8\" data-element_type=\"widget\" data-e-type=\"widget\" data-widget_type=\"heading.default\">\n\t\t\t\t<div class=\"elementor-widget-container\">\n\t\t\t\t\t<h2 class=\"elementor-heading-title elementor-size-default\">Si vous souhaitez recevoir une valve de segment Techno-G plus \u00ab personnalis\u00e9e \u00bb, veuillez utiliser le bouton \u00ab obtenir un devis \u00bb<\/h2>\t\t\t\t<\/div>\n\t\t\t\t<\/div>\n\t\t\t\t\t<\/div>\r\n\t\t\t\t<\/div>\r\n\t\t\t\t<div class=\"elementor-column elementor-col-50 elementor-top-column elementor-element elementor-element-d095a2c\" data-id=\"d095a2c\" data-element_type=\"column\" data-e-type=\"column\">\r\n\t\t\t\t\t<div class=\"elementor-widget-wrap elementor-element-populated\">\r\n\t\t\t\t\t\t\t\t<div class=\"elementor-element elementor-element-db06605 btn-borders-triangle text-lg-end elementor-widget__width-initial elementor-invisible elementor-widget elementor-widget-porto_button\" data-id=\"db06605\" data-element_type=\"widget\" data-e-type=\"widget\" data-settings=\"{&quot;_animation&quot;:&quot;shake&quot;,&quot;_animation_delay&quot;:1000}\" data-widget_type=\"porto_button.default\">\n\t\t\t\t<div class=\"elementor-widget-container\">\n\t\t\t\t\t<a class=\"btn btn-md btn-light btn-borders\" href=\"https:\/\/www.techno-g.com\/quotation-request\/\"><span >Obtenez un devis<\/span><\/a>\t\t\t\t<\/div>\n\t\t\t\t<\/div>\n\t\t\t\t\t<\/div>\r\n\t\t\t\t<\/div>\r\n\t\t\t\t\t<\/div>\r\n\t\t\t\t<\/section>\r\n\t\t\t\t<section class=\"elementor-section elementor-top-section elementor-element elementor-element-4e591fb elementor-section-boxed elementor-section-height-default elementor-section-height-default\" data-id=\"4e591fb\" data-element_type=\"section\" data-e-type=\"section\">\r\n\t\t\r\n\t\t\t\t\t\t\t<div class=\"elementor-container elementor-column-gap-default\">\r\n\t\t\t\t\t\t\t\t\t\t\t<div class=\"elementor-column elementor-col-100 elementor-top-column elementor-element elementor-element-fe2dd7f\" data-id=\"fe2dd7f\" data-element_type=\"column\" data-e-type=\"column\">\r\n\t\t\t\t\t<div class=\"elementor-widget-wrap elementor-element-populated\">\r\n\t\t\t\t\t\t\t\t<div class=\"elementor-element elementor-element-e2a690a elementor-widget elementor-widget-shortcode\" data-id=\"e2a690a\" data-element_type=\"widget\" data-e-type=\"widget\" data-widget_type=\"shortcode.default\">\n\t\t\t\t<div class=\"elementor-widget-container\">\n\t\t\t\t\t\t\t<div class=\"elementor-shortcode\">\t\t<div data-elementor-type=\"section\" data-elementor-id=\"7801\" class=\"elementor elementor-7801 elementor-4252 elementor-4252\" data-elementor-post-type=\"elementor_library\">\n\t\t\t\t\t<section class=\"elementor-section elementor-top-section elementor-element elementor-element-e22e5db elementor-section-content-middle py-5 my-4 elementor-section-boxed elementor-section-height-default elementor-section-height-default\" data-id=\"e22e5db\" data-element_type=\"section\" data-e-type=\"section\">\r\n\t\t\r\n\t\t\t\t\t\t\t<div class=\"elementor-container elementor-column-gap-default\">\r\n\t\t\t\t\t\t\t\t\t\t\t<div class=\"elementor-column elementor-col-50 elementor-top-column elementor-element elementor-element-458f41d pe-lg-4\" data-id=\"458f41d\" data-element_type=\"column\" data-e-type=\"column\">\r\n\t\t\t\t\t<div class=\"elementor-widget-wrap elementor-element-populated\">\r\n\t\t\t\t\t\t\t\t<div class=\"elementor-element elementor-element-42e1695 elementor-widget elementor-widget-text-editor\" data-id=\"42e1695\" data-element_type=\"widget\" data-e-type=\"widget\" data-widget_type=\"text-editor.default\">\n\t\t\t\t<div class=\"elementor-widget-container\">\n\t\t\t\t\t\t\t\t\t<div style=\"position:relative; width:1px; min-width:100%;padding-bottom:56.25%;\"><iframe allow=\"autoplay\" class=\"spotlightr\" allowtransparency=\"true\" style=\"width:1px; min-width:100%; height: 100%; position:absolute\" allowfullscreen=\"true\" src=\"https:\/\/symblings.cdn.spotlightr.com\/watch\/MTQ4NjQzMw==?fallback=true\" frameborder=\"0\" scrolling=\"no\" name=\"videoPlayer\"> <\/iframe><\/div>\t\t\t\t\t\t\t\t<\/div>\n\t\t\t\t<\/div>\n\t\t\t\t\t<\/div>\r\n\t\t\t\t<\/div>\r\n\t\t\t\t<div class=\"elementor-column elementor-col-50 elementor-top-column elementor-element elementor-element-4f5b51c elementor-invisible\" data-id=\"4f5b51c\" data-element_type=\"column\" data-e-type=\"column\" data-settings=\"{&quot;animation&quot;:&quot;fadeInUp&quot;}\">\r\n\t\t\t\t\t<div class=\"elementor-widget-wrap elementor-element-populated\">\r\n\t\t\t\t\t\t\t\t<div class=\"elementor-element elementor-element-8f1d9e5 py-2 mb-0 elementor-invisible elementor-widget elementor-widget-heading\" data-id=\"8f1d9e5\" data-element_type=\"widget\" data-e-type=\"widget\" data-settings=\"{&quot;_animation_delay&quot;:200,&quot;_animation&quot;:&quot;fadeInUp&quot;}\" data-widget_type=\"heading.default\">\n\t\t\t\t<div class=\"elementor-widget-container\">\n\t\t\t\t\t<h3 class=\"elementor-heading-title elementor-size-default\">APPLICATIONS DE PROC\u00c9D\u00c9<\/h3>\t\t\t\t<\/div>\n\t\t\t\t<\/div>\n\t\t\t\t<div class=\"elementor-element elementor-element-381d63f mb-3 elementor-invisible elementor-widget elementor-widget-heading\" data-id=\"381d63f\" data-element_type=\"widget\" data-e-type=\"widget\" data-settings=\"{&quot;_animation_delay&quot;:400,&quot;_animation&quot;:&quot;fadeInUp&quot;}\" data-widget_type=\"heading.default\">\n\t\t\t\t<div class=\"elementor-widget-container\">\n\t\t\t\t\t<h2 class=\"elementor-heading-title elementor-size-default\">Parfaitement adapt\u00e9<\/h2>\t\t\t\t<\/div>\n\t\t\t\t<\/div>\n\t\t\t\t<div class=\"elementor-element elementor-element-3a78931 mb-4 custom-font1 elementor-invisible elementor-widget elementor-widget-heading\" data-id=\"3a78931\" data-element_type=\"widget\" data-e-type=\"widget\" data-settings=\"{&quot;_animation_delay&quot;:600,&quot;_animation&quot;:&quot;fadeInUp&quot;}\" data-widget_type=\"heading.default\">\n\t\t\t\t<div class=\"elementor-widget-container\">\n\t\t\t\t\t<p class=\"elementor-heading-title elementor-size-default\">Les produits Techno-G sont polyvalents, servant \u00e0 de nombreuses applications telles que les s\u00e9cheurs \u00e0 vide,\n les s\u00e9choirs \u00e0 palettes, les verrous \u00e0 vide, les m\u00e9langeurs, les centrifugeuses, les s\u00e9choirs coniques, les cuves m\u00e9langeurs et\nles r\u00e9acteurs. Ils offrent non seulement une fonctionnalit\u00e9 optimale, mais aussi un fonctionnement fiable et s\u00e9curis\u00e9\n. <\/p>\t\t\t\t<\/div>\n\t\t\t\t<\/div>\n\t\t\t\t<div class=\"elementor-element elementor-element-b214ef6 elementor-invisible elementor-widget elementor-widget-text-editor\" data-id=\"b214ef6\" data-element_type=\"widget\" data-e-type=\"widget\" data-settings=\"{&quot;_animation&quot;:&quot;fadeInUp&quot;,&quot;_animation_delay&quot;:800}\" data-widget_type=\"text-editor.default\">\n\t\t\t\t<div class=\"elementor-widget-container\">\n\t\t\t\t\t\t\t\t\t<p>Les produits Techno-G sont polyvalents, servant une multitude d\u2019applications telles que les s\u00e9choirs \u00e0 vide, les s\u00e8che-linges \u00e0 palettes, les verrous \u00e0 vide, les m\u00e9langeurs, les centrifugeuses, les s\u00e9choirs coniques, les cuves m\u00e9langeurs et les r\u00e9acteurs. Ils offrent non seulement une fonctionnalit\u00e9 optimale, mais aussi un fonctionnement fiable et s\u00e9curis\u00e9. <\/p><p>Les vannes Techno-G sont utilis\u00e9es dans un large \u00e9ventail de secteurs, allant de la pharmacie, chimie et produits chimiques fins aux API, alimentaires, cosm\u00e9tiques, min\u00e9raux et m\u00e9taux, entre autres. Qu\u2019il s\u2019agisse d\u2019assurer un contr\u00f4le du flux constant dans la production pharmaceutique, de modulation pr\u00e9cise dans la production de produits chimiques fins ou de gestion st\u00e9rile dans la transformation alimentaire, nos valves \u00e0 segment \u00e0 bille offrent constamment une efficacit\u00e9 in\u00e9gal\u00e9e adapt\u00e9e aux besoins uniques de votre secteur. <\/p>\t\t\t\t\t\t\t\t<\/div>\n\t\t\t\t<\/div>\n\t\t\t\t\t<\/div>\r\n\t\t\t\t<\/div>\r\n\t\t\t\t\t<\/div>\r\n\t\t\t\t<\/section>\r\n\t\t\t\t<\/div>\n\t\t<\/div>\n\t\t\t\t\t\t<\/div>\n\t\t\t\t<\/div>\n\t\t\t\t\t<\/div>\r\n\t\t\t\t<\/div>\r\n\t\t\t\t\t<\/div>\r\n\t\t\t\t<\/section>\r\n\t\t\t\t<\/div>\n\t\t","protected":false},"excerpt":{"rendered":"<p>Atex Pour chaque situation \u00e0 l\u2019\u00e9preuve des explosions, une ex\u00e9cution sp\u00e9cifique de la soupape \u00e0 segment de bille conforme \u00e0 ATEX-Dust est essentielle. Exigences Tous les accessoires tels que les actionneurs \/ capteurs de position \/ pi\u00e8ces de bo\u00eete de contr\u00f4le sont certifi\u00e9s SIL \/ ATEX \/ CE. Crit\u00e8res ATEX Les vannes \u00e0 segment \u00e0 [&hellip;]<\/p>\n","protected":false},"author":1,"featured_media":0,"parent":7590,"menu_order":0,"comment_status":"closed","ping_status":"closed","template":"","meta":{"_acf_changed":false,"footnotes":""},"class_list":["post-7705","page","type-page","status-publish","hentry"],"acf":[],"_links":{"self":[{"href":"https:\/\/www.techno-g.com\/fr\/wp-json\/wp\/v2\/pages\/7705","targetHints":{"allow":["GET"]}}],"collection":[{"href":"https:\/\/www.techno-g.com\/fr\/wp-json\/wp\/v2\/pages"}],"about":[{"href":"https:\/\/www.techno-g.com\/fr\/wp-json\/wp\/v2\/types\/page"}],"author":[{"embeddable":true,"href":"https:\/\/www.techno-g.com\/fr\/wp-json\/wp\/v2\/users\/1"}],"replies":[{"embeddable":true,"href":"https:\/\/www.techno-g.com\/fr\/wp-json\/wp\/v2\/comments?post=7705"}],"version-history":[{"count":1,"href":"https:\/\/www.techno-g.com\/fr\/wp-json\/wp\/v2\/pages\/7705\/revisions"}],"predecessor-version":[{"id":7709,"href":"https:\/\/www.techno-g.com\/fr\/wp-json\/wp\/v2\/pages\/7705\/revisions\/7709"}],"up":[{"embeddable":true,"href":"https:\/\/www.techno-g.com\/fr\/wp-json\/wp\/v2\/pages\/7590"}],"wp:attachment":[{"href":"https:\/\/www.techno-g.com\/fr\/wp-json\/wp\/v2\/media?parent=7705"}],"curies":[{"name":"wp","href":"https:\/\/api.w.org\/{rel}","templated":true}]}}