{"id":7710,"date":"2023-09-21T09:24:12","date_gmt":"2023-09-21T09:24:12","guid":{"rendered":"https:\/\/www.techno-g.com\/vanne-a-segment-a-bille\/titan-imprime-en-3d\/"},"modified":"2026-01-26T18:24:39","modified_gmt":"2026-01-26T18:24:39","slug":"titan-imprime-en-3d","status":"publish","type":"page","link":"https:\/\/www.techno-g.com\/fr\/vanne-a-segment-spherique\/titan-imprime-en-3d\/","title":{"rendered":"Titan imprim\u00e9 en 3D"},"content":{"rendered":"\t\t<div data-elementor-type=\"wp-page\" data-elementor-id=\"7710\" class=\"elementor elementor-7710 elementor-4747\" data-elementor-post-type=\"page\">\n\t\t\t\t\t\t<section class=\"porto-full-no-gap elementor-section elementor-top-section elementor-element elementor-element-0d56756 z-index-2 py-5 elementor-section-full_width elementor-section-stretched elementor-section-height-default elementor-section-height-default\" data-id=\"0d56756\" data-element_type=\"section\" data-e-type=\"section\" data-settings=\"{&quot;background_background&quot;:&quot;classic&quot;,&quot;stretch_section&quot;:&quot;section-stretched&quot;}\">\r\n\t\t\r\n\t\t\t\t\t\t\t<div class=\"elementor-container elementor-column-gap-no\">\r\n\t\t\t\t\t\t\t\t\t\t\t<div class=\"elementor-column elementor-col-100 elementor-top-column elementor-element elementor-element-8027f98 position-static pt-3\" data-id=\"8027f98\" data-element_type=\"column\" data-e-type=\"column\">\r\n\t\t\t\t\t<div class=\"elementor-widget-wrap elementor-element-populated\">\r\n\t\t\t\t\t\t\t\t<div class=\"elementor-element elementor-element-6d0a4bc mb-1 elementor-invisible elementor-widget elementor-widget-heading\" data-id=\"6d0a4bc\" data-element_type=\"widget\" data-e-type=\"widget\" data-settings=\"{&quot;_animation&quot;:&quot;fadeInUp&quot;,&quot;_animation_delay&quot;:200}\" data-widget_type=\"heading.default\">\n\t\t\t\t<div class=\"elementor-widget-container\">\n\t\t\t\t\t<h2 class=\"elementor-heading-title elementor-size-default\">Utilisation de la technologie d\u2019impression 3D \u00e0 froid pour la production de vannes Techno-G !<\/h2>\t\t\t\t<\/div>\n\t\t\t\t<\/div>\n\t\t\t\t<div class=\"elementor-element elementor-element-1837f9e mb-5 pb-3 custom-font1 w-lg-66 mx-auto elementor-invisible elementor-widget elementor-widget-heading\" data-id=\"1837f9e\" data-element_type=\"widget\" data-e-type=\"widget\" data-settings=\"{&quot;_animation&quot;:&quot;fadeInUp&quot;,&quot;_animation_delay&quot;:600}\" data-widget_type=\"heading.default\">\n\t\t\t\t<div class=\"elementor-widget-container\">\n\t\t\t\t\t<p class=\"elementor-heading-title elementor-size-default\">La vanne \u00e0 segment \u00e0 bille Techno-G actuelle est traditionnellement fabriqu\u00e9e en acier inoxydable ou en un type de Hastelloy, en raison de sa r\u00e9sistance exceptionnelle \u00e0 la corrosion et \u00e0 l\u2019usure de ses propri\u00e9t\u00e9s exceptionnelles.\n\nCependant, employer Hastelloy est \u00e0 la fois exigeant en main-d\u2019\u0153uvre et nettement plus co\u00fbteux que l\u2019acier inoxydable. Dans cette optique, Techno-G s\u2019est lanc\u00e9 dans une qu\u00eate pour explorer les possibilit\u00e9s d\u2019utiliser des mat\u00e9riaux r\u00e9sistants \u00e0 la corrosion et \u00e0 l\u2019usure dans le domaine des technologies de production 3D.   \n\nAinsi, l\u2019\u00e9quipe de d\u00e9veloppement de Techno-G a lanc\u00e9 des recherches pour d\u00e9terminer si les composants d\u2019une valve \u00e0 segment de bille Techno-G pouvaient \u00eatre imprim\u00e9s en 3D en utilisant le proc\u00e9d\u00e9 Coldspray m\u00e9tallique 3D tout en r\u00e9pondant aux m\u00eames exigences mat\u00e9rielles que dans la production conventionnelle de valve \u00e0 segment de bille.\n<\/p>\t\t\t\t<\/div>\n\t\t\t\t<\/div>\n\t\t\t\t\t<\/div>\r\n\t\t\t\t<\/div>\r\n\t\t\t\t\t<\/div>\r\n\t\t\t\t<\/section>\r\n\t\t\t\t<section class=\"elementor-section elementor-top-section elementor-element elementor-element-c431518 elementor-section-stretched elementor-section-boxed elementor-section-height-default elementor-section-height-default\" data-id=\"c431518\" data-element_type=\"section\" data-e-type=\"section\" data-settings=\"{&quot;stretch_section&quot;:&quot;section-stretched&quot;,&quot;background_background&quot;:&quot;classic&quot;}\">\r\n\t\t\r\n\t\t\t\t\t\t\t<div class=\"elementor-container elementor-column-gap-default\">\r\n\t\t\t\t\t\t\t\t\t\t\t<div class=\"elementor-column elementor-col-50 elementor-top-column elementor-element elementor-element-777cd83\" data-id=\"777cd83\" data-element_type=\"column\" data-e-type=\"column\">\r\n\t\t\t\t\t<div class=\"elementor-widget-wrap elementor-element-populated\">\r\n\t\t\t\t\t\t\t\t<div class=\"elementor-element elementor-element-3e092b1 elementor-pagination-position-outside elementor-widget elementor-widget-image-carousel\" data-id=\"3e092b1\" data-element_type=\"widget\" data-e-type=\"widget\" data-settings=\"{&quot;slides_to_show&quot;:&quot;1&quot;,&quot;navigation&quot;:&quot;dots&quot;,&quot;autoplay&quot;:&quot;yes&quot;,&quot;pause_on_hover&quot;:&quot;yes&quot;,&quot;pause_on_interaction&quot;:&quot;yes&quot;,&quot;autoplay_speed&quot;:5000,&quot;infinite&quot;:&quot;yes&quot;,&quot;effect&quot;:&quot;slide&quot;,&quot;speed&quot;:500}\" data-widget_type=\"image-carousel.default\">\n\t\t\t\t<div class=\"elementor-widget-container\">\n\t\t\t\t\t\t\t<div class=\"elementor-image-carousel-wrapper swiper\" role=\"region\" aria-roledescription=\"carousel\" aria-label=\"Carrousel d\u2019images\" dir=\"ltr\">\n\t\t\t<div class=\"elementor-image-carousel swiper-wrapper\" aria-live=\"off\">\n\t\t\t\t\t\t\t\t<div class=\"swiper-slide\" role=\"group\" aria-roledescription=\"slide\" aria-label=\"1 sur 4\"><figure class=\"swiper-slide-inner\"><img decoding=\"async\" class=\"swiper-slide-image\" src=\"https:\/\/www.techno-g.com\/wp-content\/uploads\/2023\/09\/Raw-material-Ball-Segment-Valve.jpg\" alt=\"Deux grands composants de vannes \u00e0 segment sph\u00e9rique m\u00e9talliques, ronds et dot\u00e9s de larges trous centraux, sont plac\u00e9s c\u00f4te \u00e0 c\u00f4te sur une surface beige. Devant eux se trouvent deux \u00e9chantillons m\u00e9talliques cylindriques dont la surface est marqu\u00e9e.\" \/><\/figure><\/div><div class=\"swiper-slide\" role=\"group\" aria-roledescription=\"slide\" aria-label=\"2 sur 4\"><figure class=\"swiper-slide-inner\"><img decoding=\"async\" class=\"swiper-slide-image\" src=\"https:\/\/www.techno-g.com\/wp-content\/uploads\/2023\/09\/3D-coldspray-printing-ball-segment-valve-min.jpg\" alt=\"Vue rapproch\u00e9e d&#039;une grande vanne \u00e0 segment sph\u00e9rique cylindrique dont la surface beige est textur\u00e9e et qui pr\u00e9sente de subtiles rainures horizontales r\u00e9guli\u00e8rement espac\u00e9es ; une partie d&#039;un dispositif m\u00e9tallique est visible sur le c\u00f4t\u00e9 gauche.\" \/><\/figure><\/div><div class=\"swiper-slide\" role=\"group\" aria-roledescription=\"slide\" aria-label=\"3 sur 4\"><figure class=\"swiper-slide-inner\"><img decoding=\"async\" class=\"swiper-slide-image\" src=\"https:\/\/www.techno-g.com\/wp-content\/uploads\/2023\/09\/Utilizing-3D-Coldspray-Printing-Technology-for-Techno-G-Valve-Production.jpg\" alt=\"Une grande pi\u00e8ce m\u00e9tallique, probablement une vanne \u00e0 segment sph\u00e9rique, est en cours d&#039;usinage sur un tour CNC. Une partie de sa surface est brillante et lisse, tandis que d&#039;autres sections restent rugueuses. Le mandrin maintient fermement la pi\u00e8ce en place.\" \/><\/figure><\/div><div class=\"swiper-slide\" role=\"group\" aria-roledescription=\"slide\" aria-label=\"4 sur 4\"><figure class=\"swiper-slide-inner\"><img decoding=\"async\" class=\"swiper-slide-image\" src=\"https:\/\/www.techno-g.com\/wp-content\/uploads\/2023\/09\/3D-manufacturing-ball-segment-valve.jpg\" alt=\"Un bras robotis\u00e9 utilise une torche de soudage pour assembler ou travailler sur une vanne \u00e0 segment sph\u00e9rique maintenue entre deux supports dans un environnement industriel, des \u00e9tincelles jaillissant du point de soudure.\" \/><\/figure><\/div>\t\t\t<\/div>\n\t\t\t\t\t\t\t\n\t\t\t\t\t\t\t\t\t<div class=\"swiper-pagination\"><\/div>\n\t\t\t\t\t\t\t\t\t<\/div>\n\t\t\t\t\t\t<\/div>\n\t\t\t\t<\/div>\n\t\t\t\t\t<\/div>\r\n\t\t\t\t<\/div>\r\n\t\t\t\t<div class=\"elementor-column elementor-col-50 elementor-top-column elementor-element elementor-element-b6f57ff\" data-id=\"b6f57ff\" data-element_type=\"column\" data-e-type=\"column\">\r\n\t\t\t\t\t<div class=\"elementor-widget-wrap elementor-element-populated\">\r\n\t\t\t\t\t\t\t\t<div class=\"elementor-element elementor-element-8b4c903 elementor-invisible elementor-widget elementor-widget-text-editor\" data-id=\"8b4c903\" data-element_type=\"widget\" data-e-type=\"widget\" data-settings=\"{&quot;_animation&quot;:&quot;fadeInRight&quot;}\" data-widget_type=\"text-editor.default\">\n\t\t\t\t<div class=\"elementor-widget-container\">\n\t\t\t\t\t\t\t\t\t<p>Le proc\u00e9d\u00e9 d\u2019impression 3D Coldspray, utilisant le titane comme mat\u00e9riau de base, a d\u00e9j\u00e0 fait l\u2019objet de recherches et d\u2019exp\u00e9rimentations approfondies. Fort de cette grande exp\u00e9rience, l\u2019\u00e9quipe de conception de Techno-G a r\u00e9imagin\u00e9 le design du corps de la valve \u00e0 segment de boule Techno-G pour l\u2019adapter \u00e0 une utilisation dans le proc\u00e9d\u00e9 d\u2019impression 3D Coldspray. Actuellement, les premiers r\u00e9sultats, tels que repr\u00e9sent\u00e9s sur les images, sont tr\u00e8s prometteurs !  <\/p><p>Voici un r\u00e9sum\u00e9 des principaux avantages du proc\u00e9d\u00e9 d\u2019impression 3D :<\/p><ul><li><strong>D\u00e9lais r\u00e9duits<\/strong><\/li><li><strong>Diminution de la consommation de mati\u00e8res premi\u00e8res<\/strong><\/li><li><strong>Flexibilit\u00e9 de conception renforc\u00e9e<\/strong><\/li><li><strong>Co\u00fbts de production plus bas<\/strong><\/li><\/ul><p>En conclusion, il existe de nombreuses possibilit\u00e9s pour que divers composants de la valve de segment Techno-G soient produits \u00e0 l\u2019avenir gr\u00e2ce \u00e0 la technologie d\u2019impression 3D par pulv\u00e9risation \u00e0 froid.<\/p>\t\t\t\t\t\t\t\t<\/div>\n\t\t\t\t<\/div>\n\t\t\t\t<div class=\"elementor-element elementor-element-7e7a706 elementor-align-left elementor-mobile-align-center elementor-invisible elementor-widget elementor-widget-button\" data-id=\"7e7a706\" data-element_type=\"widget\" data-e-type=\"widget\" data-settings=\"{&quot;_animation&quot;:&quot;fadeInUp&quot;}\" data-widget_type=\"button.default\">\n\t\t\t\t<div class=\"elementor-widget-container\">\n\t\t\t\t\t\t\t\t\t<div class=\"elementor-button-wrapper\">\n\t\t\t\t\t<a class=\"elementor-button elementor-button-link elementor-size-md\" href=\"https:\/\/www.techno-g.com\/fr\/demande-de-devis\/\">\n\t\t\t\t\t\t<span class=\"elementor-button-content-wrapper\">\n\t\t\t\t\t\t<span class=\"elementor-button-icon\">\n\t\t\t\t<i aria-hidden=\"true\" class=\"far fa-envelope\"><\/i>\t\t\t<\/span>\n\t\t\t\t\t\t\t\t\t<span class=\"elementor-button-text\">OBTENEZ UN DEVIS<\/span>\n\t\t\t\t\t<\/span>\n\t\t\t\t\t<\/a>\n\t\t\t\t<\/div>\n\t\t\t\t\t\t\t\t<\/div>\n\t\t\t\t<\/div>\n\t\t\t\t\t<\/div>\r\n\t\t\t\t<\/div>\r\n\t\t\t\t\t<\/div>\r\n\t\t\t\t<\/section>\r\n\t\t\t\t<section class=\"elementor-section elementor-top-section elementor-element elementor-element-9912e1e elementor-section-stretched elementor-section-boxed elementor-section-height-default elementor-section-height-default\" data-id=\"9912e1e\" data-element_type=\"section\" data-e-type=\"section\" data-settings=\"{&quot;stretch_section&quot;:&quot;section-stretched&quot;,&quot;background_background&quot;:&quot;classic&quot;}\">\r\n\t\t\r\n\t\t\t\t\t\t\t<div class=\"elementor-container elementor-column-gap-default\">\r\n\t\t\t\t\t\t\t\t\t\t\t<div class=\"elementor-column elementor-col-100 elementor-top-column elementor-element elementor-element-6478c44\" data-id=\"6478c44\" data-element_type=\"column\" data-e-type=\"column\">\r\n\t\t\t\t\t<div class=\"elementor-widget-wrap elementor-element-populated\">\r\n\t\t\t\t\t\t\t\t<div class=\"elementor-element elementor-element-63794f3 elementor-widget elementor-widget-spacer\" data-id=\"63794f3\" data-element_type=\"widget\" data-e-type=\"widget\" data-widget_type=\"spacer.default\">\n\t\t\t\t<div class=\"elementor-widget-container\">\n\t\t\t\t\t\t\t<div class=\"elementor-spacer\">\n\t\t\t<div class=\"elementor-spacer-inner\"><\/div>\n\t\t<\/div>\n\t\t\t\t\t\t<\/div>\n\t\t\t\t<\/div>\n\t\t\t\t\t<\/div>\r\n\t\t\t\t<\/div>\r\n\t\t\t\t\t<\/div>\r\n\t\t\t\t<\/section>\r\n\t\t\t\t<section class=\"elementor-section elementor-top-section elementor-element elementor-element-5af09d8 elementor-section-content-middle elementor-hidden-mobile elementor-section-stretched elementor-section-boxed elementor-section-height-default elementor-section-height-default\" data-id=\"5af09d8\" data-element_type=\"section\" data-e-type=\"section\" data-settings=\"{&quot;background_background&quot;:&quot;classic&quot;,&quot;stretch_section&quot;:&quot;section-stretched&quot;}\">\r\n\t\t\r\n\t\t\t\t\t\t\t<div class=\"elementor-container elementor-column-gap-default\">\r\n\t\t\t\t\t\t\t\t\t\t\t<div class=\"elementor-column elementor-col-50 elementor-top-column elementor-element elementor-element-b6e25a2\" data-id=\"b6e25a2\" data-element_type=\"column\" data-e-type=\"column\">\r\n\t\t\t\t\t<div class=\"elementor-widget-wrap elementor-element-populated\">\r\n\t\t\t\t\t\t\t\t<div class=\"elementor-element elementor-element-8a2290c elementor-widget elementor-widget-heading\" data-id=\"8a2290c\" data-element_type=\"widget\" data-e-type=\"widget\" data-widget_type=\"heading.default\">\n\t\t\t\t<div class=\"elementor-widget-container\">\n\t\t\t\t\t<h2 class=\"elementor-heading-title elementor-size-default\">Si vous souhaitez recevoir une valve de segment Techno-G plus \u00ab personnalis\u00e9e \u00bb, veuillez utiliser le bouton \u00ab obtenir un devis \u00bb<\/h2>\t\t\t\t<\/div>\n\t\t\t\t<\/div>\n\t\t\t\t\t<\/div>\r\n\t\t\t\t<\/div>\r\n\t\t\t\t<div class=\"elementor-column elementor-col-50 elementor-top-column elementor-element elementor-element-8b8a396\" data-id=\"8b8a396\" data-element_type=\"column\" data-e-type=\"column\">\r\n\t\t\t\t\t<div class=\"elementor-widget-wrap elementor-element-populated\">\r\n\t\t\t\t\t\t\t\t<div class=\"elementor-element elementor-element-f568b7e btn-borders-triangle text-lg-end elementor-widget__width-initial elementor-invisible elementor-widget elementor-widget-porto_button\" data-id=\"f568b7e\" data-element_type=\"widget\" data-e-type=\"widget\" data-settings=\"{&quot;_animation&quot;:&quot;shake&quot;,&quot;_animation_delay&quot;:1000}\" data-widget_type=\"porto_button.default\">\n\t\t\t\t<div class=\"elementor-widget-container\">\n\t\t\t\t\t<a class=\"btn btn-md btn-light btn-borders\" href=\"https:\/\/www.techno-g.com\/quotation-request\/\"><span >Obtenez un devis<\/span><\/a>\t\t\t\t<\/div>\n\t\t\t\t<\/div>\n\t\t\t\t\t<\/div>\r\n\t\t\t\t<\/div>\r\n\t\t\t\t\t<\/div>\r\n\t\t\t\t<\/section>\r\n\t\t\t\t<section class=\"elementor-section elementor-top-section elementor-element elementor-element-6226275 elementor-section-boxed elementor-section-height-default elementor-section-height-default\" data-id=\"6226275\" data-element_type=\"section\" data-e-type=\"section\">\r\n\t\t\r\n\t\t\t\t\t\t\t<div class=\"elementor-container elementor-column-gap-default\">\r\n\t\t\t\t\t\t\t\t\t\t\t<div class=\"elementor-column elementor-col-100 elementor-top-column elementor-element elementor-element-a87b13e\" data-id=\"a87b13e\" data-element_type=\"column\" data-e-type=\"column\">\r\n\t\t\t\t\t<div class=\"elementor-widget-wrap elementor-element-populated\">\r\n\t\t\t\t\t\t\t\t<div class=\"elementor-element elementor-element-2758b3d elementor-widget elementor-widget-shortcode\" data-id=\"2758b3d\" data-element_type=\"widget\" data-e-type=\"widget\" data-widget_type=\"shortcode.default\">\n\t\t\t\t<div class=\"elementor-widget-container\">\n\t\t\t\t\t\t\t<div class=\"elementor-shortcode\">\t\t<div data-elementor-type=\"section\" data-elementor-id=\"7801\" class=\"elementor elementor-7801 elementor-4252 elementor-4252\" data-elementor-post-type=\"elementor_library\">\n\t\t\t\t\t<section class=\"elementor-section elementor-top-section elementor-element elementor-element-e22e5db elementor-section-content-middle py-5 my-4 elementor-section-boxed elementor-section-height-default elementor-section-height-default\" data-id=\"e22e5db\" data-element_type=\"section\" data-e-type=\"section\">\r\n\t\t\r\n\t\t\t\t\t\t\t<div class=\"elementor-container elementor-column-gap-default\">\r\n\t\t\t\t\t\t\t\t\t\t\t<div class=\"elementor-column elementor-col-50 elementor-top-column elementor-element elementor-element-458f41d pe-lg-4\" data-id=\"458f41d\" data-element_type=\"column\" data-e-type=\"column\">\r\n\t\t\t\t\t<div class=\"elementor-widget-wrap elementor-element-populated\">\r\n\t\t\t\t\t\t\t\t<div class=\"elementor-element elementor-element-42e1695 elementor-widget elementor-widget-text-editor\" data-id=\"42e1695\" data-element_type=\"widget\" data-e-type=\"widget\" data-widget_type=\"text-editor.default\">\n\t\t\t\t<div class=\"elementor-widget-container\">\n\t\t\t\t\t\t\t\t\t<div style=\"position:relative; width:1px; min-width:100%;padding-bottom:56.25%;\"><iframe allow=\"autoplay\" class=\"spotlightr\" allowtransparency=\"true\" style=\"width:1px; min-width:100%; height: 100%; position:absolute\" allowfullscreen=\"true\" src=\"https:\/\/symblings.cdn.spotlightr.com\/watch\/MTQ4NjQzMw==?fallback=true\" frameborder=\"0\" scrolling=\"no\" name=\"videoPlayer\"> <\/iframe><\/div>\t\t\t\t\t\t\t\t<\/div>\n\t\t\t\t<\/div>\n\t\t\t\t\t<\/div>\r\n\t\t\t\t<\/div>\r\n\t\t\t\t<div class=\"elementor-column elementor-col-50 elementor-top-column elementor-element elementor-element-4f5b51c elementor-invisible\" data-id=\"4f5b51c\" data-element_type=\"column\" data-e-type=\"column\" data-settings=\"{&quot;animation&quot;:&quot;fadeInUp&quot;}\">\r\n\t\t\t\t\t<div class=\"elementor-widget-wrap elementor-element-populated\">\r\n\t\t\t\t\t\t\t\t<div class=\"elementor-element elementor-element-8f1d9e5 py-2 mb-0 elementor-invisible elementor-widget elementor-widget-heading\" data-id=\"8f1d9e5\" data-element_type=\"widget\" data-e-type=\"widget\" data-settings=\"{&quot;_animation_delay&quot;:200,&quot;_animation&quot;:&quot;fadeInUp&quot;}\" data-widget_type=\"heading.default\">\n\t\t\t\t<div class=\"elementor-widget-container\">\n\t\t\t\t\t<h3 class=\"elementor-heading-title elementor-size-default\">APPLICATIONS DE PROC\u00c9D\u00c9<\/h3>\t\t\t\t<\/div>\n\t\t\t\t<\/div>\n\t\t\t\t<div class=\"elementor-element elementor-element-381d63f mb-3 elementor-invisible elementor-widget elementor-widget-heading\" data-id=\"381d63f\" data-element_type=\"widget\" data-e-type=\"widget\" data-settings=\"{&quot;_animation_delay&quot;:400,&quot;_animation&quot;:&quot;fadeInUp&quot;}\" data-widget_type=\"heading.default\">\n\t\t\t\t<div class=\"elementor-widget-container\">\n\t\t\t\t\t<h2 class=\"elementor-heading-title elementor-size-default\">Parfaitement adapt\u00e9<\/h2>\t\t\t\t<\/div>\n\t\t\t\t<\/div>\n\t\t\t\t<div class=\"elementor-element elementor-element-3a78931 mb-4 custom-font1 elementor-invisible elementor-widget elementor-widget-heading\" data-id=\"3a78931\" data-element_type=\"widget\" data-e-type=\"widget\" data-settings=\"{&quot;_animation_delay&quot;:600,&quot;_animation&quot;:&quot;fadeInUp&quot;}\" data-widget_type=\"heading.default\">\n\t\t\t\t<div class=\"elementor-widget-container\">\n\t\t\t\t\t<p class=\"elementor-heading-title elementor-size-default\">Les produits Techno-G sont polyvalents, servant \u00e0 de nombreuses applications telles que les s\u00e9cheurs \u00e0 vide,\n les s\u00e9choirs \u00e0 palettes, les verrous \u00e0 vide, les m\u00e9langeurs, les centrifugeuses, les s\u00e9choirs coniques, les cuves m\u00e9langeurs et\nles r\u00e9acteurs. Ils offrent non seulement une fonctionnalit\u00e9 optimale, mais aussi un fonctionnement fiable et s\u00e9curis\u00e9\n. <\/p>\t\t\t\t<\/div>\n\t\t\t\t<\/div>\n\t\t\t\t<div class=\"elementor-element elementor-element-b214ef6 elementor-invisible elementor-widget elementor-widget-text-editor\" data-id=\"b214ef6\" data-element_type=\"widget\" data-e-type=\"widget\" data-settings=\"{&quot;_animation&quot;:&quot;fadeInUp&quot;,&quot;_animation_delay&quot;:800}\" data-widget_type=\"text-editor.default\">\n\t\t\t\t<div class=\"elementor-widget-container\">\n\t\t\t\t\t\t\t\t\t<p>Les produits Techno-G sont polyvalents, servant une multitude d\u2019applications telles que les s\u00e9choirs \u00e0 vide, les s\u00e8che-linges \u00e0 palettes, les verrous \u00e0 vide, les m\u00e9langeurs, les centrifugeuses, les s\u00e9choirs coniques, les cuves m\u00e9langeurs et les r\u00e9acteurs. Ils offrent non seulement une fonctionnalit\u00e9 optimale, mais aussi un fonctionnement fiable et s\u00e9curis\u00e9. <\/p><p>Les vannes Techno-G sont utilis\u00e9es dans un large \u00e9ventail de secteurs, allant de la pharmacie, chimie et produits chimiques fins aux API, alimentaires, cosm\u00e9tiques, min\u00e9raux et m\u00e9taux, entre autres. Qu\u2019il s\u2019agisse d\u2019assurer un contr\u00f4le du flux constant dans la production pharmaceutique, de modulation pr\u00e9cise dans la production de produits chimiques fins ou de gestion st\u00e9rile dans la transformation alimentaire, nos valves \u00e0 segment \u00e0 bille offrent constamment une efficacit\u00e9 in\u00e9gal\u00e9e adapt\u00e9e aux besoins uniques de votre secteur. <\/p>\t\t\t\t\t\t\t\t<\/div>\n\t\t\t\t<\/div>\n\t\t\t\t\t<\/div>\r\n\t\t\t\t<\/div>\r\n\t\t\t\t\t<\/div>\r\n\t\t\t\t<\/section>\r\n\t\t\t\t<\/div>\n\t\t<\/div>\n\t\t\t\t\t\t<\/div>\n\t\t\t\t<\/div>\n\t\t\t\t\t<\/div>\r\n\t\t\t\t<\/div>\r\n\t\t\t\t\t<\/div>\r\n\t\t\t\t<\/section>\r\n\t\t\t\t<\/div>\n\t\t","protected":false},"excerpt":{"rendered":"<p>Utilisation de la technologie d\u2019impression 3D \u00e0 froid pour la production de vannes Techno-G ! La vanne \u00e0 segment \u00e0 bille Techno-G actuelle est traditionnellement fabriqu\u00e9e en acier inoxydable ou en un type de Hastelloy, en raison de sa r\u00e9sistance exceptionnelle \u00e0 la corrosion et \u00e0 l\u2019usure de ses propri\u00e9t\u00e9s exceptionnelles. Cependant, employer Hastelloy est [&hellip;]<\/p>\n","protected":false},"author":1,"featured_media":7712,"parent":7590,"menu_order":0,"comment_status":"closed","ping_status":"closed","template":"","meta":{"_acf_changed":false,"footnotes":""},"class_list":["post-7710","page","type-page","status-publish","has-post-thumbnail","hentry"],"acf":[],"_links":{"self":[{"href":"https:\/\/www.techno-g.com\/fr\/wp-json\/wp\/v2\/pages\/7710","targetHints":{"allow":["GET"]}}],"collection":[{"href":"https:\/\/www.techno-g.com\/fr\/wp-json\/wp\/v2\/pages"}],"about":[{"href":"https:\/\/www.techno-g.com\/fr\/wp-json\/wp\/v2\/types\/page"}],"author":[{"embeddable":true,"href":"https:\/\/www.techno-g.com\/fr\/wp-json\/wp\/v2\/users\/1"}],"replies":[{"embeddable":true,"href":"https:\/\/www.techno-g.com\/fr\/wp-json\/wp\/v2\/comments?post=7710"}],"version-history":[{"count":1,"href":"https:\/\/www.techno-g.com\/fr\/wp-json\/wp\/v2\/pages\/7710\/revisions"}],"predecessor-version":[{"id":7723,"href":"https:\/\/www.techno-g.com\/fr\/wp-json\/wp\/v2\/pages\/7710\/revisions\/7723"}],"up":[{"embeddable":true,"href":"https:\/\/www.techno-g.com\/fr\/wp-json\/wp\/v2\/pages\/7590"}],"wp:featuredmedia":[{"embeddable":true,"href":"https:\/\/www.techno-g.com\/fr\/wp-json\/wp\/v2\/media\/7712"}],"wp:attachment":[{"href":"https:\/\/www.techno-g.com\/fr\/wp-json\/wp\/v2\/media?parent=7710"}],"curies":[{"name":"wp","href":"https:\/\/api.w.org\/{rel}","templated":true}]}}