{"id":5194,"date":"2023-09-14T08:26:22","date_gmt":"2023-09-14T08:26:22","guid":{"rendered":"https:\/\/www.techno-g.com\/exploded-view\/"},"modified":"2024-01-06T19:40:41","modified_gmt":"2024-01-06T19:40:41","slug":"exploded-view","status":"publish","type":"page","link":"https:\/\/www.techno-g.com\/nl\/kogelsegmentklep\/exploded-view\/","title":{"rendered":"Exploded view"},"content":{"rendered":"\t\t<div data-elementor-type=\"wp-page\" data-elementor-id=\"5194\" class=\"elementor elementor-5194 elementor-4693\" data-elementor-post-type=\"page\">\n\t\t\t\t\t\t<section class=\"porto-full-no-gap elementor-section elementor-top-section elementor-element elementor-element-044e11a z-index-2 py-5 elementor-section-full_width elementor-section-stretched elementor-section-height-default elementor-section-height-default\" data-id=\"044e11a\" data-element_type=\"section\" data-e-type=\"section\" data-settings=\"{&quot;background_background&quot;:&quot;classic&quot;,&quot;stretch_section&quot;:&quot;section-stretched&quot;}\">\r\n\t\t\r\n\t\t\t\t\t\t\t<div class=\"elementor-container elementor-column-gap-no\">\r\n\t\t\t\t\t\t\t\t\t\t\t<div class=\"elementor-column elementor-col-100 elementor-top-column elementor-element elementor-element-6d1037f position-static pt-3\" data-id=\"6d1037f\" data-element_type=\"column\" data-e-type=\"column\">\r\n\t\t\t\t\t<div class=\"elementor-widget-wrap elementor-element-populated\">\r\n\t\t\t\t\t\t\t\t<div class=\"elementor-element elementor-element-486a904 mb-3 elementor-widget elementor-widget-heading\" data-id=\"486a904\" data-element_type=\"widget\" data-e-type=\"widget\" data-widget_type=\"heading.default\">\n\t\t\t\t<div class=\"elementor-widget-container\">\n\t\t\t\t\t<h2 class=\"elementor-heading-title elementor-size-default\">Exploded view van onze kogelsegmentafsluiter<\/h2>\t\t\t\t<\/div>\n\t\t\t\t<\/div>\n\t\t\t\t<div class=\"elementor-element elementor-element-a14e770 mb-5 pb-3 custom-font1 w-lg-66 mx-auto elementor-invisible elementor-widget elementor-widget-heading\" data-id=\"a14e770\" data-element_type=\"widget\" data-e-type=\"widget\" data-settings=\"{&quot;_animation&quot;:&quot;fadeInUp&quot;,&quot;_animation_delay&quot;:600}\" data-widget_type=\"heading.default\">\n\t\t\t\t<div class=\"elementor-widget-container\">\n\t\t\t\t\t<p class=\"elementor-heading-title elementor-size-default\">Duik diep in het ingewikkelde ontwerp van onze geavanceerde Techno-G kogelkraan. Deze opengewerkte weergave onthult de precisietechniek, kwaliteitsonderdelen en innovatieve functies waarmee onze klep zich onderscheidt in de industrie. Voor een dynamische blik op de montage en functionaliteiten mag je de video onderaan niet missen.<\/p>\t\t\t\t<\/div>\n\t\t\t\t<\/div>\n\t\t\t\t\t<\/div>\r\n\t\t\t\t<\/div>\r\n\t\t\t\t\t<\/div>\r\n\t\t\t\t<\/section>\r\n\t\t\t\t<section class=\"elementor-section elementor-top-section elementor-element elementor-element-1b3ad2b elementor-section-stretched elementor-section-boxed elementor-section-height-default elementor-section-height-default\" data-id=\"1b3ad2b\" data-element_type=\"section\" data-e-type=\"section\" data-settings=\"{&quot;stretch_section&quot;:&quot;section-stretched&quot;,&quot;background_background&quot;:&quot;classic&quot;}\">\r\n\t\t\r\n\t\t\t\t\t\t\t<div class=\"elementor-container elementor-column-gap-default\">\r\n\t\t\t\t\t\t\t\t\t\t\t<div class=\"elementor-column elementor-col-100 elementor-top-column elementor-element elementor-element-7272eb0\" data-id=\"7272eb0\" data-element_type=\"column\" data-e-type=\"column\">\r\n\t\t\t\t\t<div class=\"elementor-widget-wrap elementor-element-populated\">\r\n\t\t\t\t\t\t\t\t<div class=\"elementor-element elementor-element-8be88fc elementor-invisible elementor-widget elementor-widget-image\" data-id=\"8be88fc\" data-element_type=\"widget\" data-e-type=\"widget\" data-settings=\"{&quot;_animation&quot;:&quot;fadeInRight&quot;}\" data-widget_type=\"image.default\">\n\t\t\t\t<div class=\"elementor-widget-container\">\n\t\t\t\t\t\t\t\t\t\t\t\t\t\t\t<img fetchpriority=\"high\" decoding=\"async\" width=\"1024\" height=\"576\" src=\"https:\/\/www.techno-g.com\/wp-content\/uploads\/2023\/09\/Exploded-view-Ball-Segment-Valve-Techno-G-1024x576.png\" class=\"attachment-large size-large wp-image-5195\" alt=\"Een opengewerkte tekening van een metalen kogelklepsamenstelling, waarop de afzonderlijke onderdelen zoals afdichtingen, bouten, flenzen en pakkingen in volgorde zijn gerangschikt, met extra gemerkte dozen aan de zijkant.\" srcset=\"https:\/\/www.techno-g.com\/wp-content\/uploads\/2023\/09\/Exploded-view-Ball-Segment-Valve-Techno-G-1024x576.png 1024w, https:\/\/www.techno-g.com\/wp-content\/uploads\/2023\/09\/Exploded-view-Ball-Segment-Valve-Techno-G-768x432.png 768w, https:\/\/www.techno-g.com\/wp-content\/uploads\/2023\/09\/Exploded-view-Ball-Segment-Valve-Techno-G-640x360.png 640w, https:\/\/www.techno-g.com\/wp-content\/uploads\/2023\/09\/Exploded-view-Ball-Segment-Valve-Techno-G-400x225.png 400w, https:\/\/www.techno-g.com\/wp-content\/uploads\/2023\/09\/Exploded-view-Ball-Segment-Valve-Techno-G-367x206.png 367w\" sizes=\"(max-width: 1024px) 100vw, 1024px\" \/>\t\t\t\t\t\t\t\t\t\t\t\t\t\t\t<\/div>\n\t\t\t\t<\/div>\n\t\t\t\t\t<\/div>\r\n\t\t\t\t<\/div>\r\n\t\t\t\t\t<\/div>\r\n\t\t\t\t<\/section>\r\n\t\t\t\t<section class=\"elementor-section elementor-top-section elementor-element elementor-element-4a173be elementor-section-stretched elementor-section-boxed elementor-section-height-default elementor-section-height-default\" data-id=\"4a173be\" data-element_type=\"section\" data-e-type=\"section\" data-settings=\"{&quot;stretch_section&quot;:&quot;section-stretched&quot;,&quot;background_background&quot;:&quot;classic&quot;}\">\r\n\t\t\r\n\t\t\t\t\t\t\t<div class=\"elementor-container elementor-column-gap-default\">\r\n\t\t\t\t\t\t\t\t\t\t\t<div class=\"elementor-column elementor-col-50 elementor-top-column elementor-element elementor-element-51e293b\" data-id=\"51e293b\" data-element_type=\"column\" data-e-type=\"column\">\r\n\t\t\t\t\t<div class=\"elementor-widget-wrap elementor-element-populated\">\r\n\t\t\t\t\t\t\t\t<div class=\"elementor-element elementor-element-9831450 elementor-widget elementor-widget-spacer\" data-id=\"9831450\" data-element_type=\"widget\" data-e-type=\"widget\" data-widget_type=\"spacer.default\">\n\t\t\t\t<div class=\"elementor-widget-container\">\n\t\t\t\t\t\t\t<div class=\"elementor-spacer\">\n\t\t\t<div class=\"elementor-spacer-inner\"><\/div>\n\t\t<\/div>\n\t\t\t\t\t\t<\/div>\n\t\t\t\t<\/div>\n\t\t\t\t\t<\/div>\r\n\t\t\t\t<\/div>\r\n\t\t\t\t<div class=\"elementor-column elementor-col-50 elementor-top-column elementor-element elementor-element-d9738a2\" data-id=\"d9738a2\" data-element_type=\"column\" data-e-type=\"column\">\r\n\t\t\t\t\t<div class=\"elementor-widget-wrap\">\r\n\t\t\t\t\t\t\t\t\t<\/div>\r\n\t\t\t\t<\/div>\r\n\t\t\t\t\t<\/div>\r\n\t\t\t\t<\/section>\r\n\t\t\t\t<section class=\"elementor-section elementor-top-section elementor-element elementor-element-b40d743 elementor-section-content-middle elementor-hidden-mobile elementor-section-stretched elementor-section-boxed elementor-section-height-default elementor-section-height-default\" data-id=\"b40d743\" data-element_type=\"section\" data-e-type=\"section\" data-settings=\"{&quot;background_background&quot;:&quot;classic&quot;,&quot;stretch_section&quot;:&quot;section-stretched&quot;}\">\r\n\t\t\r\n\t\t\t\t\t\t\t<div class=\"elementor-container elementor-column-gap-default\">\r\n\t\t\t\t\t\t\t\t\t\t\t<div class=\"elementor-column elementor-col-50 elementor-top-column elementor-element elementor-element-95272aa\" data-id=\"95272aa\" data-element_type=\"column\" data-e-type=\"column\">\r\n\t\t\t\t\t<div class=\"elementor-widget-wrap elementor-element-populated\">\r\n\t\t\t\t\t\t\t\t<div class=\"elementor-element elementor-element-8226374 elementor-widget elementor-widget-heading\" data-id=\"8226374\" data-element_type=\"widget\" data-e-type=\"widget\" data-widget_type=\"heading.default\">\n\t\t\t\t<div class=\"elementor-widget-container\">\n\t\t\t\t\t<h2 class=\"elementor-heading-title elementor-size-default\">Als je een meer \"op maat gemaakte\" Techno-G kogelkraan wilt ontvangen, gebruik dan de knop \"offerte aanvragen\".<\/h2>\t\t\t\t<\/div>\n\t\t\t\t<\/div>\n\t\t\t\t\t<\/div>\r\n\t\t\t\t<\/div>\r\n\t\t\t\t<div class=\"elementor-column elementor-col-50 elementor-top-column elementor-element elementor-element-173eae0\" data-id=\"173eae0\" data-element_type=\"column\" data-e-type=\"column\">\r\n\t\t\t\t\t<div class=\"elementor-widget-wrap elementor-element-populated\">\r\n\t\t\t\t\t\t\t\t<div class=\"elementor-element elementor-element-fcbc34d btn-borders-triangle text-lg-end elementor-widget__width-initial elementor-invisible elementor-widget elementor-widget-porto_button\" data-id=\"fcbc34d\" data-element_type=\"widget\" data-e-type=\"widget\" data-settings=\"{&quot;_animation&quot;:&quot;shake&quot;,&quot;_animation_delay&quot;:1000}\" data-widget_type=\"porto_button.default\">\n\t\t\t\t<div class=\"elementor-widget-container\">\n\t\t\t\t\t<a class=\"btn btn-md btn-light btn-borders\" href=\"https:\/\/www.techno-g.com\/quotation-request\/\"><span >Een offerte aanvragen<\/span><\/a>\t\t\t\t<\/div>\n\t\t\t\t<\/div>\n\t\t\t\t\t<\/div>\r\n\t\t\t\t<\/div>\r\n\t\t\t\t\t<\/div>\r\n\t\t\t\t<\/section>\r\n\t\t\t\t<section class=\"elementor-section elementor-top-section elementor-element elementor-element-2aba29e elementor-section-boxed elementor-section-height-default elementor-section-height-default\" data-id=\"2aba29e\" data-element_type=\"section\" data-e-type=\"section\">\r\n\t\t\r\n\t\t\t\t\t\t\t<div class=\"elementor-container elementor-column-gap-default\">\r\n\t\t\t\t\t\t\t\t\t\t\t<div class=\"elementor-column elementor-col-100 elementor-top-column elementor-element elementor-element-f4768c3\" data-id=\"f4768c3\" data-element_type=\"column\" data-e-type=\"column\">\r\n\t\t\t\t\t<div class=\"elementor-widget-wrap elementor-element-populated\">\r\n\t\t\t\t\t\t\t\t<div class=\"elementor-element elementor-element-7277655 elementor-widget elementor-widget-shortcode\" data-id=\"7277655\" data-element_type=\"widget\" data-e-type=\"widget\" data-widget_type=\"shortcode.default\">\n\t\t\t\t<div class=\"elementor-widget-container\">\n\t\t\t\t\t\t\t<div class=\"elementor-shortcode\">\t\t<div data-elementor-type=\"section\" data-elementor-id=\"5347\" class=\"elementor elementor-5347 elementor-4252 elementor-4252\" data-elementor-post-type=\"elementor_library\">\n\t\t\t\t\t<section class=\"elementor-section elementor-top-section elementor-element elementor-element-e22e5db elementor-section-content-middle py-5 my-4 elementor-section-boxed elementor-section-height-default elementor-section-height-default\" data-id=\"e22e5db\" data-element_type=\"section\" data-e-type=\"section\">\r\n\t\t\r\n\t\t\t\t\t\t\t<div class=\"elementor-container elementor-column-gap-default\">\r\n\t\t\t\t\t\t\t\t\t\t\t<div class=\"elementor-column elementor-col-50 elementor-top-column elementor-element elementor-element-458f41d pe-lg-4\" data-id=\"458f41d\" data-element_type=\"column\" data-e-type=\"column\">\r\n\t\t\t\t\t<div class=\"elementor-widget-wrap elementor-element-populated\">\r\n\t\t\t\t\t\t\t\t<div class=\"elementor-element elementor-element-42e1695 elementor-widget elementor-widget-text-editor\" data-id=\"42e1695\" data-element_type=\"widget\" data-e-type=\"widget\" data-widget_type=\"text-editor.default\">\n\t\t\t\t<div class=\"elementor-widget-container\">\n\t\t\t\t\t\t\t\t\t<div style=\"position:relative; width:1px; min-width:100%;padding-bottom:56.25%;\"><iframe allow=\"autoplay\" class=\"spotlightr\" allowtransparency=\"true\" style=\"width:1px; min-width:100%; height: 100%; position:absolute\" allowfullscreen=\"true\" src=\"https:\/\/symblings.cdn.spotlightr.com\/watch\/MTQ4NjQzMw==?fallback=true\" frameborder=\"0\" scrolling=\"no\" name=\"videoPlayer\"> <\/iframe><\/div>\n\t\t\t\t\t\t\t\t<\/div>\n\t\t\t\t<\/div>\n\t\t\t\t\t<\/div>\r\n\t\t\t\t<\/div>\r\n\t\t\t\t<div class=\"elementor-column elementor-col-50 elementor-top-column elementor-element elementor-element-4f5b51c elementor-invisible\" data-id=\"4f5b51c\" data-element_type=\"column\" data-e-type=\"column\" data-settings=\"{&quot;animation&quot;:&quot;fadeInUp&quot;}\">\r\n\t\t\t\t\t<div class=\"elementor-widget-wrap elementor-element-populated\">\r\n\t\t\t\t\t\t\t\t<div class=\"elementor-element elementor-element-8f1d9e5 py-2 mb-0 elementor-invisible elementor-widget elementor-widget-heading\" data-id=\"8f1d9e5\" data-element_type=\"widget\" data-e-type=\"widget\" data-settings=\"{&quot;_animation_delay&quot;:200,&quot;_animation&quot;:&quot;fadeInUp&quot;}\" data-widget_type=\"heading.default\">\n\t\t\t\t<div class=\"elementor-widget-container\">\n\t\t\t\t\t<h3 class=\"elementor-heading-title elementor-size-default\">PROCESTOEPASSINGEN<\/h3>\t\t\t\t<\/div>\n\t\t\t\t<\/div>\n\t\t\t\t<div class=\"elementor-element elementor-element-381d63f mb-3 elementor-invisible elementor-widget elementor-widget-heading\" data-id=\"381d63f\" data-element_type=\"widget\" data-e-type=\"widget\" data-settings=\"{&quot;_animation_delay&quot;:400,&quot;_animation&quot;:&quot;fadeInUp&quot;}\" data-widget_type=\"heading.default\">\n\t\t\t\t<div class=\"elementor-widget-container\">\n\t\t\t\t\t<h2 class=\"elementor-heading-title elementor-size-default\">Perfect op maat<\/h2>\t\t\t\t<\/div>\n\t\t\t\t<\/div>\n\t\t\t\t<div class=\"elementor-element elementor-element-3a78931 mb-4 custom-font1 elementor-invisible elementor-widget elementor-widget-heading\" data-id=\"3a78931\" data-element_type=\"widget\" data-e-type=\"widget\" data-settings=\"{&quot;_animation_delay&quot;:600,&quot;_animation&quot;:&quot;fadeInUp&quot;}\" data-widget_type=\"heading.default\">\n\t\t\t\t<div class=\"elementor-widget-container\">\n\t\t\t\t\t<p class=\"elementor-heading-title elementor-size-default\">De producten van Techno-G zijn veelzijdig en dienen een groot aantal toepassingen, zoals vacu\u00fcmdrogers,\npaddle drogers, vacu\u00fcm sluizen, mengers, centrifuges, conische drogers, mengvaten en\nreactoren. Ze bieden niet alleen optimale functionaliteit, maar ook betrouwbare en veilige\nwerking.<\/p>\t\t\t\t<\/div>\n\t\t\t\t<\/div>\n\t\t\t\t<div class=\"elementor-element elementor-element-b214ef6 elementor-invisible elementor-widget elementor-widget-text-editor\" data-id=\"b214ef6\" data-element_type=\"widget\" data-e-type=\"widget\" data-settings=\"{&quot;_animation&quot;:&quot;fadeInUp&quot;,&quot;_animation_delay&quot;:800}\" data-widget_type=\"text-editor.default\">\n\t\t\t\t<div class=\"elementor-widget-container\">\n\t\t\t\t\t\t\t\t\t<p>De producten van Techno-G zijn veelzijdig en dienen voor een groot aantal toepassingen, zoals vacu\u00fcmdrogers, paddledrogers, vacu\u00fcmsluizen, mengers, centrifuges, conische drogers, mengtanks en reactoren. Ze bieden niet alleen optimale functionaliteit, maar ook een betrouwbare en veilige werking.<\/p>\n<p>Techno-G kleppen worden gebruikt in een breed spectrum van sectoren, van farmaceutica, chemicali\u00ebn en fijne chemicali\u00ebn tot API, voeding, cosmetica, mineralen en metalen. Of het nu gaat om een consistente debietregeling in de farmaceutische productie, exacte modulatie bij de productie van fijne chemicali\u00ebn of steriel beheer in de voedselverwerking, onze kogelsegmentkleppen bieden altijd een onge\u00ebvenaarde effici\u00ebntie op maat van de unieke behoeften van uw industrie.<\/p>\n\t\t\t\t\t\t\t\t<\/div>\n\t\t\t\t<\/div>\n\t\t\t\t\t<\/div>\r\n\t\t\t\t<\/div>\r\n\t\t\t\t\t<\/div>\r\n\t\t\t\t<\/section>\r\n\t\t\t\t<\/div>\n\t\t<\/div>\n\t\t\t\t\t\t<\/div>\n\t\t\t\t<\/div>\n\t\t\t\t\t<\/div>\r\n\t\t\t\t<\/div>\r\n\t\t\t\t\t<\/div>\r\n\t\t\t\t<\/section>\r\n\t\t\t\t<\/div>\n\t\t","protected":false},"excerpt":{"rendered":"<p>Exploded view van onze kogelsegmentafsluiter Duik diep in het ingewikkelde ontwerp van onze geavanceerde Techno-G kogelkraan. Deze opengewerkte weergave onthult de precisietechniek, kwaliteitsonderdelen en innovatieve functies waarmee onze klep zich onderscheidt in de industrie. Voor een dynamische blik op de montage en functionaliteiten mag je de video onderaan niet missen. Als je een meer &#8220;op [&hellip;]<\/p>\n","protected":false},"author":1,"featured_media":0,"parent":5228,"menu_order":0,"comment_status":"closed","ping_status":"closed","template":"","meta":{"_acf_changed":false,"footnotes":""},"class_list":["post-5194","page","type-page","status-publish","hentry"],"acf":[],"_links":{"self":[{"href":"https:\/\/www.techno-g.com\/nl\/wp-json\/wp\/v2\/pages\/5194","targetHints":{"allow":["GET"]}}],"collection":[{"href":"https:\/\/www.techno-g.com\/nl\/wp-json\/wp\/v2\/pages"}],"about":[{"href":"https:\/\/www.techno-g.com\/nl\/wp-json\/wp\/v2\/types\/page"}],"author":[{"embeddable":true,"href":"https:\/\/www.techno-g.com\/nl\/wp-json\/wp\/v2\/users\/1"}],"replies":[{"embeddable":true,"href":"https:\/\/www.techno-g.com\/nl\/wp-json\/wp\/v2\/comments?post=5194"}],"version-history":[{"count":1,"href":"https:\/\/www.techno-g.com\/nl\/wp-json\/wp\/v2\/pages\/5194\/revisions"}],"predecessor-version":[{"id":5196,"href":"https:\/\/www.techno-g.com\/nl\/wp-json\/wp\/v2\/pages\/5194\/revisions\/5196"}],"up":[{"embeddable":true,"href":"https:\/\/www.techno-g.com\/nl\/wp-json\/wp\/v2\/pages\/5228"}],"wp:attachment":[{"href":"https:\/\/www.techno-g.com\/nl\/wp-json\/wp\/v2\/media?parent=5194"}],"curies":[{"name":"wp","href":"https:\/\/api.w.org\/{rel}","templated":true}]}}