{"id":7383,"date":"2025-03-19T11:04:04","date_gmt":"2025-03-19T11:04:04","guid":{"rendered":"https:\/\/www.techno-g.com\/kogelsegmentklep\/geavanceerde-ptfe-oplossingen-voor-kogelkranen\/"},"modified":"2025-03-20T13:43:43","modified_gmt":"2025-03-20T13:43:43","slug":"geavanceerde-ptfe-oplossingen-voor-kogelkranen","status":"publish","type":"page","link":"https:\/\/www.techno-g.com\/nl\/kogelsegmentklep\/geavanceerde-ptfe-oplossingen-voor-kogelkranen\/","title":{"rendered":"Geavanceerde PTFE-oplossingen voor kogelkranen"},"content":{"rendered":"\t\t<div data-elementor-type=\"wp-page\" data-elementor-id=\"7383\" class=\"elementor elementor-7383 elementor-7342\" data-elementor-post-type=\"page\">\n\t\t\t\t\t\t<section class=\"porto-full-no-gap elementor-section elementor-top-section elementor-element elementor-element-dcb487a z-index-2 py-5 elementor-section-full_width elementor-section-stretched elementor-section-height-default elementor-section-height-default\" data-id=\"dcb487a\" data-element_type=\"section\" data-e-type=\"section\" data-settings=\"{&quot;background_background&quot;:&quot;classic&quot;,&quot;stretch_section&quot;:&quot;section-stretched&quot;}\">\r\n\t\t\r\n\t\t\t\t\t\t\t<div class=\"elementor-container elementor-column-gap-no\">\r\n\t\t\t\t\t\t\t\t\t\t\t<div class=\"elementor-column elementor-col-100 elementor-top-column elementor-element elementor-element-e842bd3 position-static pt-3\" data-id=\"e842bd3\" data-element_type=\"column\" data-e-type=\"column\">\r\n\t\t\t\t\t<div class=\"elementor-widget-wrap elementor-element-populated\">\r\n\t\t\t\t\t\t\t\t<div class=\"elementor-element elementor-element-b137370 mb-1 elementor-invisible elementor-widget elementor-widget-heading\" data-id=\"b137370\" data-element_type=\"widget\" data-e-type=\"widget\" data-settings=\"{&quot;_animation&quot;:&quot;fadeInUp&quot;,&quot;_animation_delay&quot;:200}\" data-widget_type=\"heading.default\">\n\t\t\t\t<div class=\"elementor-widget-container\">\n\t\t\t\t\t<h2 class=\"elementor-heading-title elementor-size-default\">Geavanceerde PTFE-oplossingen voor kogelkranen<\/h2>\t\t\t\t<\/div>\n\t\t\t\t<\/div>\n\t\t\t\t<div class=\"elementor-element elementor-element-9dcc64b mb-5 pb-3 custom-font1 w-lg-66 mx-auto elementor-invisible elementor-widget elementor-widget-text-editor\" data-id=\"9dcc64b\" data-element_type=\"widget\" data-e-type=\"widget\" data-settings=\"{&quot;_animation&quot;:&quot;fadeInUp&quot;,&quot;_animation_delay&quot;:600}\" data-widget_type=\"text-editor.default\">\n\t\t\t\t<div class=\"elementor-widget-container\">\n\t\t\t\t\t\t\t\t\t<p><strong>Engineered Excellence voor chemische en farmaceutische toepassingen<\/strong><\/p>\n<p>Bij Techno-G begrijpen we de unieke uitdagingen waarmee chemische en farmaceutische fabrikanten worden geconfronteerd bij het verwerken van vaste stoffen en agressieve media. Onze kogelsegmentafsluiters met PTFE-bescherming leveren superieure prestaties voor uw meest veeleisende procesomstandigheden.<\/p>\n\t\t\t\t\t\t\t\t<\/div>\n\t\t\t\t<\/div>\n\t\t\t\t\t<\/div>\r\n\t\t\t\t<\/div>\r\n\t\t\t\t\t<\/div>\r\n\t\t\t\t<\/section>\r\n\t\t\t\t<section class=\"elementor-section elementor-top-section elementor-element elementor-element-ccc2767 elementor-section-stretched elementor-section-boxed elementor-section-height-default elementor-section-height-default\" data-id=\"ccc2767\" data-element_type=\"section\" data-e-type=\"section\" data-settings=\"{&quot;stretch_section&quot;:&quot;section-stretched&quot;,&quot;background_background&quot;:&quot;classic&quot;}\">\r\n\t\t\r\n\t\t\t\t\t\t\t<div class=\"elementor-container elementor-column-gap-default\">\r\n\t\t\t\t\t\t\t\t\t\t\t<div class=\"elementor-column elementor-col-100 elementor-top-column elementor-element elementor-element-5f9ba53\" data-id=\"5f9ba53\" data-element_type=\"column\" data-e-type=\"column\">\r\n\t\t\t\t\t<div class=\"elementor-widget-wrap elementor-element-populated\">\r\n\t\t\t\t\t\t\t\t<section class=\"elementor-section elementor-inner-section elementor-element elementor-element-ce2c553 elementor-section-boxed elementor-section-height-default elementor-section-height-default\" data-id=\"ce2c553\" data-element_type=\"section\" data-e-type=\"section\">\r\n\t\t\r\n\t\t\t\t\t\t\t<div class=\"elementor-container elementor-column-gap-default\">\r\n\t\t\t\t\t\t\t\t\t\t\t<div class=\"elementor-column elementor-col-50 elementor-inner-column elementor-element elementor-element-b9312ab\" data-id=\"b9312ab\" data-element_type=\"column\" data-e-type=\"column\">\r\n\t\t\t\t\t<div class=\"elementor-widget-wrap elementor-element-populated\">\r\n\t\t\t\t\t\t\t\t<div class=\"elementor-element elementor-element-3c3b3f8 elementor-widget elementor-widget-text-editor\" data-id=\"3c3b3f8\" data-element_type=\"widget\" data-e-type=\"widget\" data-widget_type=\"text-editor.default\">\n\t\t\t\t<div class=\"elementor-widget-container\">\n\t\t\t\t\t\t\t\t\t<h2><strong>Technische specificaties<\/strong><\/h2>\n<h3><strong>Eigenschappen PTFE-coating:<\/strong><\/h3>\n<ul>\n<li><strong>Oppervlakte-energie<\/strong>: &lt;20 mN\/m<\/li>\n<li><strong>Maximale bedrijfstemperatuur<\/strong>: 220\u00b0C continue werking<\/li>\n<li><strong>Chemische weerstand<\/strong>: pH 0-14, bestand tegen de meeste zuren, basen en organische oplosmiddelen<\/li>\n<li><strong>Wrijvingsco\u00ebffici\u00ebnt<\/strong>: 0,05-0,10 (statisch)<\/li>\n<li><strong>Laagdikte<\/strong>: 15-25 \u03bcm standaardtoepassing (aanpasbaar)<\/li>\n<\/ul>\n<h3><strong>Prestatievoordelen:<\/strong><\/h3>\n<ul>\n<li><strong>Koppelreductie<\/strong>: 30-45% lager aandrijfkoppel in vergelijking met ongecoate kleppen<\/li>\n<li><strong>Levensduur<\/strong>: &gt;250.000 cycli onder standaardomstandigheden<\/li>\n<li><strong>Reinigbaarheid<\/strong>: &gt;95% terugwinning van product tijdens CIP\/SIP-processen<\/li>\n<\/ul>\n\t\t\t\t\t\t\t\t<\/div>\n\t\t\t\t<\/div>\n\t\t\t\t<div class=\"elementor-element elementor-element-58a6bcc elementor-widget elementor-widget-text-editor\" data-id=\"58a6bcc\" data-element_type=\"widget\" data-e-type=\"widget\" data-widget_type=\"text-editor.default\">\n\t\t\t\t<div class=\"elementor-widget-container\">\n\t\t\t\t\t\t\t\t\t<h2><strong>Procescompatibiliteit<\/strong><\/h2>\n<p>Onze PTFE-oplossingen blinken uit in uitdagende processen zoals:<\/p>\n<ul>\n<li>Kristallisatiebewerkingen<\/li>\n<li>Slurries met een hoog vastestofgehalte (&gt;40% w\/w)<\/li>\n<li>Zeer viskeuze media (&gt;5000 cP)<\/li>\n<li>Behandeling van schuurpoeder<\/li>\n<li>Agressieve chemische omgevingen<\/li>\n<\/ul>\n\t\t\t\t\t\t\t\t<\/div>\n\t\t\t\t<\/div>\n\t\t\t\t\t<\/div>\r\n\t\t\t\t<\/div>\r\n\t\t\t\t<div class=\"elementor-column elementor-col-50 elementor-inner-column elementor-element elementor-element-664bd94\" data-id=\"664bd94\" data-element_type=\"column\" data-e-type=\"column\">\r\n\t\t\t\t\t<div class=\"elementor-widget-wrap elementor-element-populated\">\r\n\t\t\t\t\t\t\t\t<div class=\"elementor-element elementor-element-78f70a5 elementor-widget elementor-widget-text-editor\" data-id=\"78f70a5\" data-element_type=\"widget\" data-e-type=\"widget\" data-widget_type=\"text-editor.default\">\n\t\t\t\t<div class=\"elementor-widget-container\">\n\t\t\t\t\t\t\t\t\t<h2><strong>Aangepaste beschermingsopties<\/strong><\/h2>\n<p>Techno-G biedt meerdere beschermingsconfiguraties om te voldoen aan uw specifieke toepassingseisen:<\/p>\n<ul>\n<li><strong>Maximale corrosiebestendigheid<\/strong>: Volledige klepkop en klepbehuizing in Titanium of Hastelloy<\/li>\n<li><strong>Hybride bescherming<\/strong>: Klepkop in Titanium of Hastelloy met PTFE-beklede behuizing<\/li>\n<li><strong>Gerichte bescherming<\/strong>: Met PTFE beklede klepkop met standaard behuizing<\/li>\n<li><strong>Standaardoptie<\/strong>: Volledig roestvrijstalen 316L constructie<\/li>\n<\/ul>\n<h2><strong>Technische gegevens<\/strong><\/h2>\n<ul>\n<li><strong>Drukwaarden<\/strong>: Klasse 150, 300 en 600 (PN16, PN25, PN40)<\/li>\n<li><strong>Maatbereik<\/strong>: DN25-DN300 (1&#8243;-12&#8243;)<\/li>\n<li><strong>Flensverbindingen<\/strong>: ASME B16.5, EN 1092-1<\/li>\n<li><strong>Lekklasse<\/strong>: ANSI\/FCI 70-2 klasse VI<\/li>\n<li><strong>Certificeringen<\/strong>: FDA 21 CFR 177.1550, EU 10\/2011<\/li>\n<\/ul>\n\t\t\t\t\t\t\t\t<\/div>\n\t\t\t\t<\/div>\n\t\t\t\t<div class=\"elementor-element elementor-element-0675234 elementor-widget elementor-widget-text-editor\" data-id=\"0675234\" data-element_type=\"widget\" data-e-type=\"widget\" data-widget_type=\"text-editor.default\">\n\t\t\t\t<div class=\"elementor-widget-container\">\n\t\t\t\t\t\t\t\t\t<p>Bezoek <a href=\"https:\/\/www.techno-g.com\/nl\/kogelsegmentklep\/\">Kogelsegmentafsluiteroplossingen<\/a> voor meer informatie of bekijk <a href=\"https:\/\/www.techno-g.com\/nl\/kogelsegmentklep\/opties\/\">al onze productopties<\/a>.<\/p>\n\t\t\t\t\t\t\t\t<\/div>\n\t\t\t\t<\/div>\n\t\t\t\t<div class=\"elementor-element elementor-element-8481629 elementor-align-left elementor-mobile-align-center elementor-invisible elementor-widget elementor-widget-button\" data-id=\"8481629\" data-element_type=\"widget\" data-e-type=\"widget\" data-settings=\"{&quot;_animation&quot;:&quot;fadeInUp&quot;}\" data-widget_type=\"button.default\">\n\t\t\t\t<div class=\"elementor-widget-container\">\n\t\t\t\t\t\t\t\t\t<div class=\"elementor-button-wrapper\">\n\t\t\t\t\t<a class=\"elementor-button elementor-button-link elementor-size-md\" href=\"https:\/\/www.techno-g.com\/nl\/offerteaanvraag\/\">\n\t\t\t\t\t\t<span class=\"elementor-button-content-wrapper\">\n\t\t\t\t\t\t<span class=\"elementor-button-icon\">\n\t\t\t\t<i aria-hidden=\"true\" class=\"far fa-envelope\"><\/i>\t\t\t<\/span>\n\t\t\t\t\t\t\t\t\t<span class=\"elementor-button-text\">EEN OFFERTE AANVRAGEN<\/span>\n\t\t\t\t\t<\/span>\n\t\t\t\t\t<\/a>\n\t\t\t\t<\/div>\n\t\t\t\t\t\t\t\t<\/div>\n\t\t\t\t<\/div>\n\t\t\t\t\t<\/div>\r\n\t\t\t\t<\/div>\r\n\t\t\t\t\t<\/div>\r\n\t\t\t\t<\/section>\r\n\t\t\t\t<div class=\"elementor-element elementor-element-a446c66 elementor-widget elementor-widget-spacer\" data-id=\"a446c66\" data-element_type=\"widget\" data-e-type=\"widget\" data-widget_type=\"spacer.default\">\n\t\t\t\t<div class=\"elementor-widget-container\">\n\t\t\t\t\t\t\t<div class=\"elementor-spacer\">\n\t\t\t<div class=\"elementor-spacer-inner\"><\/div>\n\t\t<\/div>\n\t\t\t\t\t\t<\/div>\n\t\t\t\t<\/div>\n\t\t\t\t\t<\/div>\r\n\t\t\t\t<\/div>\r\n\t\t\t\t\t<\/div>\r\n\t\t\t\t<\/section>\r\n\t\t\t\t<section class=\"elementor-section elementor-top-section elementor-element elementor-element-d749d80 elementor-section-stretched elementor-section-boxed elementor-section-height-default elementor-section-height-default\" data-id=\"d749d80\" data-element_type=\"section\" data-e-type=\"section\" data-settings=\"{&quot;stretch_section&quot;:&quot;section-stretched&quot;,&quot;background_background&quot;:&quot;classic&quot;}\">\r\n\t\t\r\n\t\t\t\t\t\t\t<div class=\"elementor-container elementor-column-gap-default\">\r\n\t\t\t\t\t\t\t\t\t\t\t<div class=\"elementor-column elementor-col-100 elementor-top-column elementor-element elementor-element-82c6c21\" data-id=\"82c6c21\" data-element_type=\"column\" data-e-type=\"column\">\r\n\t\t\t\t\t<div class=\"elementor-widget-wrap elementor-element-populated\">\r\n\t\t\t\t\t\t\t\t<section class=\"elementor-section elementor-inner-section elementor-element elementor-element-1731adb elementor-section-boxed elementor-section-height-default elementor-section-height-default\" data-id=\"1731adb\" data-element_type=\"section\" data-e-type=\"section\">\r\n\t\t\r\n\t\t\t\t\t\t\t<div class=\"elementor-container elementor-column-gap-default\">\r\n\t\t\t\t\t\t\t\t\t\t\t<div class=\"elementor-column elementor-col-33 elementor-inner-column elementor-element elementor-element-3464e57\" data-id=\"3464e57\" data-element_type=\"column\" data-e-type=\"column\">\r\n\t\t\t\t\t<div class=\"elementor-widget-wrap\">\r\n\t\t\t\t\t\t\t\t\t<\/div>\r\n\t\t\t\t<\/div>\r\n\t\t\t\t<div class=\"elementor-column elementor-col-33 elementor-inner-column elementor-element elementor-element-7f73d72\" data-id=\"7f73d72\" data-element_type=\"column\" data-e-type=\"column\">\r\n\t\t\t\t\t<div class=\"elementor-widget-wrap elementor-element-populated\">\r\n\t\t\t\t\t\t\t\t<div class=\"elementor-element elementor-element-d21cf7b elementor-widget elementor-widget-heading\" data-id=\"d21cf7b\" data-element_type=\"widget\" data-e-type=\"widget\" data-widget_type=\"heading.default\">\n\t\t\t\t<div class=\"elementor-widget-container\">\n\t\t\t\t\t<h2 class=\"elementor-heading-title elementor-size-default\">Verwante berichten<\/h2>\t\t\t\t<\/div>\n\t\t\t\t<\/div>\n\t\t\t\t<div class=\"elementor-element elementor-element-dd56f80 elementor-grid-1 elementor-grid-tablet-2 elementor-grid-mobile-1 elementor-posts--thumbnail-top elementor-card-shadow-yes elementor-posts__hover-gradient elementor-widget elementor-widget-posts\" data-id=\"dd56f80\" data-element_type=\"widget\" data-e-type=\"widget\" data-settings=\"{&quot;cards_columns&quot;:&quot;1&quot;,&quot;cards_columns_tablet&quot;:&quot;2&quot;,&quot;cards_columns_mobile&quot;:&quot;1&quot;,&quot;cards_row_gap&quot;:{&quot;unit&quot;:&quot;px&quot;,&quot;size&quot;:35,&quot;sizes&quot;:[]},&quot;cards_row_gap_tablet&quot;:{&quot;unit&quot;:&quot;px&quot;,&quot;size&quot;:&quot;&quot;,&quot;sizes&quot;:[]},&quot;cards_row_gap_mobile&quot;:{&quot;unit&quot;:&quot;px&quot;,&quot;size&quot;:&quot;&quot;,&quot;sizes&quot;:[]}}\" data-widget_type=\"posts.cards\">\n\t\t\t\t<div class=\"elementor-widget-container\">\n\t\t\t\t\t\t\t<div class=\"elementor-posts-container elementor-posts elementor-posts--skin-cards elementor-grid\" role=\"list\">\n\t\t\t\t<article class=\"elementor-post elementor-grid-item post-7371 post type-post status-publish format-standard hentry category-gesegmenteerde-kogelkranen tag-ptfe-nl tag-ptfe-oplossingen\" role=\"listitem\">\n\t\t\t<div class=\"elementor-post__card\">\n\t\t\t\t<div class=\"elementor-post__text\">\n\t\t\t\t<h3 class=\"elementor-post__title\">\n\t\t\t<a href=\"https:\/\/www.techno-g.com\/nl\/gesegmenteerde-kogelkranen\/techno-g-introduceert-geavanceerde-ptfe-beschermde-kogelkranen-voor-chemische-processen\/\" >\n\t\t\t\tTechno-G introduceert geavanceerde PTFE-beschermde kogelkranen voor chemische processen\t\t\t<\/a>\n\t\t<\/h3>\n\t\t\t\t<div class=\"elementor-post__excerpt\">\n\t\t\t<p>Techno-G heeft een verbeterde lijn kogelkranen met PTFE-beschermingstechnologie aangekondigd, speciaal ontwikkeld voor de behandeling van vaste stoffen in chemische en farmaceutische toepassingen. De kleppen hebben<\/p>\n\t\t<\/div>\n\t\t\n\t\t<a class=\"elementor-post__read-more\" href=\"https:\/\/www.techno-g.com\/nl\/gesegmenteerde-kogelkranen\/techno-g-introduceert-geavanceerde-ptfe-beschermde-kogelkranen-voor-chemische-processen\/\" aria-label=\"Lees meer over Techno-G introduceert geavanceerde PTFE-beschermde kogelkranen voor chemische processen\" tabindex=\"-1\" >\n\t\t\tRead More \"\t\t<\/a>\n\n\t\t\t\t<\/div>\n\t\t\t\t<div class=\"elementor-post__meta-data\">\n\t\t\t\t\t<span class=\"elementor-post-date\">\n\t\t\t19 maart 2025\t\t<\/span>\n\t\t\t\t<\/div>\n\t\t\t\t\t<\/div>\n\t\t<\/article>\n\t\t\t\t<\/div>\n\t\t\n\t\t\t\t\t\t<\/div>\n\t\t\t\t<\/div>\n\t\t\t\t\t<\/div>\r\n\t\t\t\t<\/div>\r\n\t\t\t\t<div class=\"elementor-column elementor-col-33 elementor-inner-column elementor-element elementor-element-a69e228\" data-id=\"a69e228\" data-element_type=\"column\" data-e-type=\"column\">\r\n\t\t\t\t\t<div class=\"elementor-widget-wrap\">\r\n\t\t\t\t\t\t\t\t\t<\/div>\r\n\t\t\t\t<\/div>\r\n\t\t\t\t\t<\/div>\r\n\t\t\t\t<\/section>\r\n\t\t\t\t<div class=\"elementor-element elementor-element-01f85ca elementor-widget elementor-widget-spacer\" data-id=\"01f85ca\" data-element_type=\"widget\" data-e-type=\"widget\" data-widget_type=\"spacer.default\">\n\t\t\t\t<div class=\"elementor-widget-container\">\n\t\t\t\t\t\t\t<div class=\"elementor-spacer\">\n\t\t\t<div class=\"elementor-spacer-inner\"><\/div>\n\t\t<\/div>\n\t\t\t\t\t\t<\/div>\n\t\t\t\t<\/div>\n\t\t\t\t\t<\/div>\r\n\t\t\t\t<\/div>\r\n\t\t\t\t\t<\/div>\r\n\t\t\t\t<\/section>\r\n\t\t\t\t<section class=\"elementor-section elementor-top-section elementor-element elementor-element-46bc1e7 elementor-section-content-middle elementor-hidden-mobile elementor-section-stretched elementor-section-boxed elementor-section-height-default elementor-section-height-default\" data-id=\"46bc1e7\" data-element_type=\"section\" data-e-type=\"section\" data-settings=\"{&quot;background_background&quot;:&quot;classic&quot;,&quot;stretch_section&quot;:&quot;section-stretched&quot;}\">\r\n\t\t\r\n\t\t\t\t\t\t\t<div class=\"elementor-container elementor-column-gap-default\">\r\n\t\t\t\t\t\t\t\t\t\t\t<div class=\"elementor-column elementor-col-50 elementor-top-column elementor-element elementor-element-a6991df\" data-id=\"a6991df\" data-element_type=\"column\" data-e-type=\"column\">\r\n\t\t\t\t\t<div class=\"elementor-widget-wrap elementor-element-populated\">\r\n\t\t\t\t\t\t\t\t<div class=\"elementor-element elementor-element-157dfde elementor-widget elementor-widget-heading\" data-id=\"157dfde\" data-element_type=\"widget\" data-e-type=\"widget\" data-widget_type=\"heading.default\">\n\t\t\t\t<div class=\"elementor-widget-container\">\n\t\t\t\t\t<h2 class=\"elementor-heading-title elementor-size-default\">Als je een meer \"op maat gemaakte\" Techno-G kogelkraan wilt ontvangen, gebruik dan de knop \"offerte aanvragen\".<\/h2>\t\t\t\t<\/div>\n\t\t\t\t<\/div>\n\t\t\t\t\t<\/div>\r\n\t\t\t\t<\/div>\r\n\t\t\t\t<div class=\"elementor-column elementor-col-50 elementor-top-column elementor-element elementor-element-d94b54d\" data-id=\"d94b54d\" data-element_type=\"column\" data-e-type=\"column\">\r\n\t\t\t\t\t<div class=\"elementor-widget-wrap elementor-element-populated\">\r\n\t\t\t\t\t\t\t\t<div class=\"elementor-element elementor-element-e5a3425 btn-borders-triangle text-lg-end elementor-widget__width-initial elementor-invisible elementor-widget elementor-widget-porto_button\" data-id=\"e5a3425\" data-element_type=\"widget\" data-e-type=\"widget\" data-settings=\"{&quot;_animation&quot;:&quot;shake&quot;,&quot;_animation_delay&quot;:1000}\" data-widget_type=\"porto_button.default\">\n\t\t\t\t<div class=\"elementor-widget-container\">\n\t\t\t\t\t<a class=\"btn btn-md btn-light btn-borders\" href=\"https:\/\/www.techno-g.com\/quotation-request\/\"><span >Een offerte aanvragen<\/span><\/a>\t\t\t\t<\/div>\n\t\t\t\t<\/div>\n\t\t\t\t\t<\/div>\r\n\t\t\t\t<\/div>\r\n\t\t\t\t\t<\/div>\r\n\t\t\t\t<\/section>\r\n\t\t\t\t<section class=\"elementor-section elementor-top-section elementor-element elementor-element-32e7a9e elementor-section-boxed elementor-section-height-default elementor-section-height-default\" data-id=\"32e7a9e\" data-element_type=\"section\" data-e-type=\"section\">\r\n\t\t\r\n\t\t\t\t\t\t\t<div class=\"elementor-container elementor-column-gap-default\">\r\n\t\t\t\t\t\t\t\t\t\t\t<div class=\"elementor-column elementor-col-100 elementor-top-column elementor-element elementor-element-2aac2a7\" data-id=\"2aac2a7\" data-element_type=\"column\" data-e-type=\"column\">\r\n\t\t\t\t\t<div class=\"elementor-widget-wrap elementor-element-populated\">\r\n\t\t\t\t\t\t\t\t<div class=\"elementor-element elementor-element-8831e52 elementor-widget elementor-widget-shortcode\" data-id=\"8831e52\" data-element_type=\"widget\" data-e-type=\"widget\" data-widget_type=\"shortcode.default\">\n\t\t\t\t<div class=\"elementor-widget-container\">\n\t\t\t\t\t\t\t<div class=\"elementor-shortcode\">\t\t<div data-elementor-type=\"section\" data-elementor-id=\"5347\" class=\"elementor elementor-5347 elementor-4252 elementor-4252\" data-elementor-post-type=\"elementor_library\">\n\t\t\t\t\t<section class=\"elementor-section elementor-top-section elementor-element elementor-element-e22e5db elementor-section-content-middle py-5 my-4 elementor-section-boxed elementor-section-height-default elementor-section-height-default\" data-id=\"e22e5db\" data-element_type=\"section\" data-e-type=\"section\">\r\n\t\t\r\n\t\t\t\t\t\t\t<div class=\"elementor-container elementor-column-gap-default\">\r\n\t\t\t\t\t\t\t\t\t\t\t<div class=\"elementor-column elementor-col-50 elementor-top-column elementor-element elementor-element-458f41d pe-lg-4\" data-id=\"458f41d\" data-element_type=\"column\" data-e-type=\"column\">\r\n\t\t\t\t\t<div class=\"elementor-widget-wrap elementor-element-populated\">\r\n\t\t\t\t\t\t\t\t<div class=\"elementor-element elementor-element-42e1695 elementor-widget elementor-widget-text-editor\" data-id=\"42e1695\" data-element_type=\"widget\" data-e-type=\"widget\" data-widget_type=\"text-editor.default\">\n\t\t\t\t<div class=\"elementor-widget-container\">\n\t\t\t\t\t\t\t\t\t<div style=\"position:relative; width:1px; min-width:100%;padding-bottom:56.25%;\"><iframe allow=\"autoplay\" class=\"spotlightr\" allowtransparency=\"true\" style=\"width:1px; min-width:100%; height: 100%; position:absolute\" allowfullscreen=\"true\" src=\"https:\/\/symblings.cdn.spotlightr.com\/watch\/MTQ4NjQzMw==?fallback=true\" frameborder=\"0\" scrolling=\"no\" name=\"videoPlayer\"> <\/iframe><\/div>\n\t\t\t\t\t\t\t\t<\/div>\n\t\t\t\t<\/div>\n\t\t\t\t\t<\/div>\r\n\t\t\t\t<\/div>\r\n\t\t\t\t<div class=\"elementor-column elementor-col-50 elementor-top-column elementor-element elementor-element-4f5b51c elementor-invisible\" data-id=\"4f5b51c\" data-element_type=\"column\" data-e-type=\"column\" data-settings=\"{&quot;animation&quot;:&quot;fadeInUp&quot;}\">\r\n\t\t\t\t\t<div class=\"elementor-widget-wrap elementor-element-populated\">\r\n\t\t\t\t\t\t\t\t<div class=\"elementor-element elementor-element-8f1d9e5 py-2 mb-0 elementor-invisible elementor-widget elementor-widget-heading\" data-id=\"8f1d9e5\" data-element_type=\"widget\" data-e-type=\"widget\" data-settings=\"{&quot;_animation_delay&quot;:200,&quot;_animation&quot;:&quot;fadeInUp&quot;}\" data-widget_type=\"heading.default\">\n\t\t\t\t<div class=\"elementor-widget-container\">\n\t\t\t\t\t<h3 class=\"elementor-heading-title elementor-size-default\">PROCESTOEPASSINGEN<\/h3>\t\t\t\t<\/div>\n\t\t\t\t<\/div>\n\t\t\t\t<div class=\"elementor-element elementor-element-381d63f mb-3 elementor-invisible elementor-widget elementor-widget-heading\" data-id=\"381d63f\" data-element_type=\"widget\" data-e-type=\"widget\" data-settings=\"{&quot;_animation_delay&quot;:400,&quot;_animation&quot;:&quot;fadeInUp&quot;}\" data-widget_type=\"heading.default\">\n\t\t\t\t<div class=\"elementor-widget-container\">\n\t\t\t\t\t<h2 class=\"elementor-heading-title elementor-size-default\">Perfect op maat<\/h2>\t\t\t\t<\/div>\n\t\t\t\t<\/div>\n\t\t\t\t<div class=\"elementor-element elementor-element-3a78931 mb-4 custom-font1 elementor-invisible elementor-widget elementor-widget-heading\" data-id=\"3a78931\" data-element_type=\"widget\" data-e-type=\"widget\" data-settings=\"{&quot;_animation_delay&quot;:600,&quot;_animation&quot;:&quot;fadeInUp&quot;}\" data-widget_type=\"heading.default\">\n\t\t\t\t<div class=\"elementor-widget-container\">\n\t\t\t\t\t<p class=\"elementor-heading-title elementor-size-default\">De producten van Techno-G zijn veelzijdig en dienen een groot aantal toepassingen, zoals vacu\u00fcmdrogers,\npaddle drogers, vacu\u00fcm sluizen, mengers, centrifuges, conische drogers, mengvaten en\nreactoren. Ze bieden niet alleen optimale functionaliteit, maar ook betrouwbare en veilige\nwerking.<\/p>\t\t\t\t<\/div>\n\t\t\t\t<\/div>\n\t\t\t\t<div class=\"elementor-element elementor-element-b214ef6 elementor-invisible elementor-widget elementor-widget-text-editor\" data-id=\"b214ef6\" data-element_type=\"widget\" data-e-type=\"widget\" data-settings=\"{&quot;_animation&quot;:&quot;fadeInUp&quot;,&quot;_animation_delay&quot;:800}\" data-widget_type=\"text-editor.default\">\n\t\t\t\t<div class=\"elementor-widget-container\">\n\t\t\t\t\t\t\t\t\t<p>De producten van Techno-G zijn veelzijdig en dienen voor een groot aantal toepassingen, zoals vacu\u00fcmdrogers, paddledrogers, vacu\u00fcmsluizen, mengers, centrifuges, conische drogers, mengtanks en reactoren. Ze bieden niet alleen optimale functionaliteit, maar ook een betrouwbare en veilige werking.<\/p>\n<p>Techno-G kleppen worden gebruikt in een breed spectrum van sectoren, van farmaceutica, chemicali\u00ebn en fijne chemicali\u00ebn tot API, voeding, cosmetica, mineralen en metalen. Of het nu gaat om een consistente debietregeling in de farmaceutische productie, exacte modulatie bij de productie van fijne chemicali\u00ebn of steriel beheer in de voedselverwerking, onze kogelsegmentkleppen bieden altijd een onge\u00ebvenaarde effici\u00ebntie op maat van de unieke behoeften van uw industrie.<\/p>\n\t\t\t\t\t\t\t\t<\/div>\n\t\t\t\t<\/div>\n\t\t\t\t\t<\/div>\r\n\t\t\t\t<\/div>\r\n\t\t\t\t\t<\/div>\r\n\t\t\t\t<\/section>\r\n\t\t\t\t<\/div>\n\t\t<\/div>\n\t\t\t\t\t\t<\/div>\n\t\t\t\t<\/div>\n\t\t\t\t\t<\/div>\r\n\t\t\t\t<\/div>\r\n\t\t\t\t\t<\/div>\r\n\t\t\t\t<\/section>\r\n\t\t\t\t<\/div>\n\t\t","protected":false},"excerpt":{"rendered":"<p>Geavanceerde PTFE-oplossingen voor kogelkranen Engineered Excellence voor chemische en farmaceutische toepassingen Bij Techno-G begrijpen we de unieke uitdagingen waarmee chemische en farmaceutische fabrikanten worden geconfronteerd bij het verwerken van vaste stoffen en agressieve media. Onze kogelsegmentafsluiters met PTFE-bescherming leveren superieure prestaties voor uw meest veeleisende procesomstandigheden. Technische specificaties Eigenschappen PTFE-coating: Oppervlakte-energie: &lt;20 mN\/m Maximale bedrijfstemperatuur: [&hellip;]<\/p>\n","protected":false},"author":1,"featured_media":0,"parent":5228,"menu_order":0,"comment_status":"closed","ping_status":"closed","template":"","meta":{"_acf_changed":false,"footnotes":""},"class_list":["post-7383","page","type-page","status-publish","hentry"],"acf":[],"_links":{"self":[{"href":"https:\/\/www.techno-g.com\/nl\/wp-json\/wp\/v2\/pages\/7383","targetHints":{"allow":["GET"]}}],"collection":[{"href":"https:\/\/www.techno-g.com\/nl\/wp-json\/wp\/v2\/pages"}],"about":[{"href":"https:\/\/www.techno-g.com\/nl\/wp-json\/wp\/v2\/types\/page"}],"author":[{"embeddable":true,"href":"https:\/\/www.techno-g.com\/nl\/wp-json\/wp\/v2\/users\/1"}],"replies":[{"embeddable":true,"href":"https:\/\/www.techno-g.com\/nl\/wp-json\/wp\/v2\/comments?post=7383"}],"version-history":[{"count":1,"href":"https:\/\/www.techno-g.com\/nl\/wp-json\/wp\/v2\/pages\/7383\/revisions"}],"predecessor-version":[{"id":7384,"href":"https:\/\/www.techno-g.com\/nl\/wp-json\/wp\/v2\/pages\/7383\/revisions\/7384"}],"up":[{"embeddable":true,"href":"https:\/\/www.techno-g.com\/nl\/wp-json\/wp\/v2\/pages\/5228"}],"wp:attachment":[{"href":"https:\/\/www.techno-g.com\/nl\/wp-json\/wp\/v2\/media?parent=7383"}],"curies":[{"name":"wp","href":"https:\/\/api.w.org\/{rel}","templated":true}]}}